{"id":4773,"date":"2018-06-27T13:18:52","date_gmt":"2018-06-27T12:18:52","guid":{"rendered":"http:\/\/www.garciasabate.com\/?page_id=4773"},"modified":"2018-06-27T13:18:52","modified_gmt":"2018-06-27T12:18:52","slug":"dormitorio-youme-noctural-ym33","status":"publish","type":"page","link":"http:\/\/www.garciasabate.com\/en\/dormitorio-you-and-me\/dormitorio-youme-noctural-ym33\/","title":{"rendered":"DORMITORIO YOU&#038;ME &#8211; NOCTURAL YM33"},"content":{"rendered":"","protected":false},"excerpt":{"rendered":"","protected":false},"author":1,"featured_media":0,"parent":4278,"menu_order":0,"comment_status":"closed","ping_status":"closed","template":"page-internas.php","meta":{"footnotes":""},"class_list":["post-4773","page","type-page","status-publish","hentry"],"yoast_head":"<!-- This site is optimized with the Yoast SEO plugin v23.4 - https:\/\/yoast.com\/wordpress\/plugins\/seo\/ -->\n<title>Dormitorio YOU&amp;ME: Composici\u00f3n elegante y c\u00e1lida con madera natural<\/title>\n<meta name=\"description\" content=\"Dormitorio combinado con Grafito MAte y Nogal, mesita con 1 caj\u00f3n y aro de cama. Una composici\u00f3n elegante y c\u00e1lida gracias al toque de la madera natural.\" \/>\n<meta name=\"robots\" content=\"index, follow, max-snippet:-1, max-image-preview:large, max-video-preview:-1\" \/>\n<link rel=\"canonical\" href=\"https:\/\/www.garciasabate.com\/en\/dormitorio-you-and-me\/dormitorio-youme-noctural-ym33\/\" \/>\n<meta property=\"og:locale\" content=\"en_GB\" \/>\n<meta property=\"og:type\" content=\"article\" \/>\n<meta property=\"og:title\" content=\"Dormitorio YOU&amp;ME: Composici\u00f3n elegante y c\u00e1lida con madera natural\" \/>\n<meta property=\"og:description\" content=\"Dormitorio combinado con Grafito MAte y Nogal, mesita con 1 caj\u00f3n y aro de cama. Una composici\u00f3n elegante y c\u00e1lida gracias al toque de la madera natural.\" \/>\n<meta property=\"og:url\" content=\"https:\/\/www.garciasabate.com\/en\/dormitorio-you-and-me\/dormitorio-youme-noctural-ym33\/\" \/>\n<meta property=\"og:site_name\" content=\"Garcia Sabat\u00e9\" \/>\n<meta name=\"twitter:card\" content=\"summary_large_image\" \/>\n<script type=\"application\/ld+json\" class=\"yoast-schema-graph\">{\"@context\":\"https:\/\/schema.org\",\"@graph\":[{\"@type\":\"WebPage\",\"@id\":\"https:\/\/www.garciasabate.com\/dormitorio-you-and-me\/dormitorio-youme-noctural-ym33\/\",\"url\":\"https:\/\/www.garciasabate.com\/dormitorio-you-and-me\/dormitorio-youme-noctural-ym33\/\",\"name\":\"Dormitorio YOU&ME: Composici\u00f3n elegante y c\u00e1lida con madera natural\",\"isPartOf\":{\"@id\":\"https:\/\/www.garciasabate.com\/#website\"},\"datePublished\":\"2018-06-27T12:18:52+00:00\",\"dateModified\":\"2018-06-27T12:18:52+00:00\",\"description\":\"Dormitorio combinado con Grafito MAte y Nogal, mesita con 1 caj\u00f3n y aro de cama. Una composici\u00f3n elegante y c\u00e1lida gracias al toque de la madera natural.\",\"breadcrumb\":{\"@id\":\"https:\/\/www.garciasabate.com\/dormitorio-you-and-me\/dormitorio-youme-noctural-ym33\/#breadcrumb\"},\"inLanguage\":\"en-GB\",\"potentialAction\":[{\"@type\":\"ReadAction\",\"target\":[\"https:\/\/www.garciasabate.com\/dormitorio-you-and-me\/dormitorio-youme-noctural-ym33\/\"]}]},{\"@type\":\"BreadcrumbList\",\"@id\":\"https:\/\/www.garciasabate.com\/dormitorio-you-and-me\/dormitorio-youme-noctural-ym33\/#breadcrumb\",\"itemListElement\":[{\"@type\":\"ListItem\",\"position\":1,\"name\":\"Portada\",\"item\":\"https:\/\/www.garciasabate.com\/\"},{\"@type\":\"ListItem\",\"position\":2,\"name\":\"Dormitorio YOU&#038;ME\",\"item\":\"https:\/\/www.garciasabate.com\/dormitorio-you-and-me\/\"},{\"@type\":\"ListItem\",\"position\":3,\"name\":\"DORMITORIO YOU&#038;ME &#8211; NOCTURAL YM33\"}]},{\"@type\":\"WebSite\",\"@id\":\"https:\/\/www.garciasabate.com\/#website\",\"url\":\"https:\/\/www.garciasabate.com\/\",\"name\":\"Garcia Sabat\u00e9\",\"description\":\"Muebles Modernos\",\"potentialAction\":[{\"@type\":\"SearchAction\",\"target\":{\"@type\":\"EntryPoint\",\"urlTemplate\":\"https:\/\/www.garciasabate.com\/?s={search_term_string}\"},\"query-input\":{\"@type\":\"PropertyValueSpecification\",\"valueRequired\":true,\"valueName\":\"search_term_string\"}}],\"inLanguage\":\"en-GB\"}]}<\/script>\n<!-- \/ Yoast SEO plugin. -->","yoast_head_json":{"title":"Dormitorio YOU&ME: Composici\u00f3n elegante y c\u00e1lida con madera natural","description":"Dormitorio combinado con Grafito MAte y Nogal, mesita con 1 caj\u00f3n y aro de cama. Una composici\u00f3n elegante y c\u00e1lida gracias al toque de la madera natural.","robots":{"index":"index","follow":"follow","max-snippet":"max-snippet:-1","max-image-preview":"max-image-preview:large","max-video-preview":"max-video-preview:-1"},"canonical":"https:\/\/www.garciasabate.com\/en\/dormitorio-you-and-me\/dormitorio-youme-noctural-ym33\/","og_locale":"en_GB","og_type":"article","og_title":"Dormitorio YOU&ME: Composici\u00f3n elegante y c\u00e1lida con madera natural","og_description":"Dormitorio combinado con Grafito MAte y Nogal, mesita con 1 caj\u00f3n y aro de cama. Una composici\u00f3n elegante y c\u00e1lida gracias al toque de la madera natural.","og_url":"https:\/\/www.garciasabate.com\/en\/dormitorio-you-and-me\/dormitorio-youme-noctural-ym33\/","og_site_name":"Garcia Sabat\u00e9","twitter_card":"summary_large_image","schema":{"@context":"https:\/\/schema.org","@graph":[{"@type":"WebPage","@id":"https:\/\/www.garciasabate.com\/dormitorio-you-and-me\/dormitorio-youme-noctural-ym33\/","url":"https:\/\/www.garciasabate.com\/dormitorio-you-and-me\/dormitorio-youme-noctural-ym33\/","name":"Dormitorio YOU&ME: Composici\u00f3n elegante y c\u00e1lida con madera natural","isPartOf":{"@id":"https:\/\/www.garciasabate.com\/#website"},"datePublished":"2018-06-27T12:18:52+00:00","dateModified":"2018-06-27T12:18:52+00:00","description":"Dormitorio combinado con Grafito MAte y Nogal, mesita con 1 caj\u00f3n y aro de cama. Una composici\u00f3n elegante y c\u00e1lida gracias al toque de la madera natural.","breadcrumb":{"@id":"https:\/\/www.garciasabate.com\/dormitorio-you-and-me\/dormitorio-youme-noctural-ym33\/#breadcrumb"},"inLanguage":"en-GB","potentialAction":[{"@type":"ReadAction","target":["https:\/\/www.garciasabate.com\/dormitorio-you-and-me\/dormitorio-youme-noctural-ym33\/"]}]},{"@type":"BreadcrumbList","@id":"https:\/\/www.garciasabate.com\/dormitorio-you-and-me\/dormitorio-youme-noctural-ym33\/#breadcrumb","itemListElement":[{"@type":"ListItem","position":1,"name":"Portada","item":"https:\/\/www.garciasabate.com\/"},{"@type":"ListItem","position":2,"name":"Dormitorio YOU&#038;ME","item":"https:\/\/www.garciasabate.com\/dormitorio-you-and-me\/"},{"@type":"ListItem","position":3,"name":"DORMITORIO YOU&#038;ME &#8211; NOCTURAL YM33"}]},{"@type":"WebSite","@id":"https:\/\/www.garciasabate.com\/#website","url":"https:\/\/www.garciasabate.com\/","name":"Garcia Sabat\u00e9","description":"Muebles Modernos","potentialAction":[{"@type":"SearchAction","target":{"@type":"EntryPoint","urlTemplate":"https:\/\/www.garciasabate.com\/?s={search_term_string}"},"query-input":{"@type":"PropertyValueSpecification","valueRequired":true,"valueName":"search_term_string"}}],"inLanguage":"en-GB"}]}},"_links":{"self":[{"href":"http:\/\/www.garciasabate.com\/en\/wp-json\/wp\/v2\/pages\/4773","targetHints":{"allow":["GET"]}}],"collection":[{"href":"http:\/\/www.garciasabate.com\/en\/wp-json\/wp\/v2\/pages"}],"about":[{"href":"http:\/\/www.garciasabate.com\/en\/wp-json\/wp\/v2\/types\/page"}],"author":[{"embeddable":true,"href":"http:\/\/www.garciasabate.com\/en\/wp-json\/wp\/v2\/users\/1"}],"replies":[{"embeddable":true,"href":"http:\/\/www.garciasabate.com\/en\/wp-json\/wp\/v2\/comments?post=4773"}],"version-history":[{"count":0,"href":"http:\/\/www.garciasabate.com\/en\/wp-json\/wp\/v2\/pages\/4773\/revisions"}],"up":[{"embeddable":true,"href":"http:\/\/www.garciasabate.com\/en\/wp-json\/wp\/v2\/pages\/4278"}],"wp:attachment":[{"href":"http:\/\/www.garciasabate.com\/en\/wp-json\/wp\/v2\/media?parent=4773"}],"curies":[{"name":"wp","href":"https:\/\/api.w.org\/{rel}","templated":true}]}}