{"id":4822,"date":"2018-06-29T09:14:05","date_gmt":"2018-06-29T08:14:05","guid":{"rendered":"http:\/\/www.garciasabate.com\/?page_id=4822"},"modified":"2018-06-29T09:14:05","modified_gmt":"2018-06-29T08:14:05","slug":"dormitorio-youme-leo-ym36","status":"publish","type":"page","link":"http:\/\/www.garciasabate.com\/en\/dormitorio-you-and-me\/dormitorio-youme-leo-ym36\/","title":{"rendered":"DORMITORIO YOU&#038;ME &#8211; LEO YM36"},"content":{"rendered":"","protected":false},"excerpt":{"rendered":"","protected":false},"author":1,"featured_media":0,"parent":4278,"menu_order":0,"comment_status":"closed","ping_status":"closed","template":"page-internas.php","meta":{"footnotes":""},"class_list":["post-4822","page","type-page","status-publish","hentry"],"yoast_head":"<!-- This site is optimized with the Yoast SEO plugin v23.4 - https:\/\/yoast.com\/wordpress\/plugins\/seo\/ -->\n<title>Dormitorio YOU&amp;ME: Estilo n\u00f3rdico acabado en blanco mate<\/title>\n<meta name=\"description\" content=\"Dormitorio de estilo n\u00f3rdico acabado en Blanco Mate, Roble Natural y Grafito Mate. Una combinaci\u00f3n de l\u00edneas rectas en la que llenar\u00e1s de luz la estancia.\" \/>\n<meta name=\"robots\" content=\"index, follow, max-snippet:-1, max-image-preview:large, max-video-preview:-1\" \/>\n<link rel=\"canonical\" href=\"https:\/\/www.garciasabate.com\/en\/dormitorio-you-and-me\/dormitorio-youme-leo-ym36\/\" \/>\n<meta property=\"og:locale\" content=\"en_GB\" \/>\n<meta property=\"og:type\" content=\"article\" \/>\n<meta property=\"og:title\" content=\"Dormitorio YOU&amp;ME: Estilo n\u00f3rdico acabado en blanco mate\" \/>\n<meta property=\"og:description\" content=\"Dormitorio de estilo n\u00f3rdico acabado en Blanco Mate, Roble Natural y Grafito Mate. Una combinaci\u00f3n de l\u00edneas rectas en la que llenar\u00e1s de luz la estancia.\" \/>\n<meta property=\"og:url\" content=\"https:\/\/www.garciasabate.com\/en\/dormitorio-you-and-me\/dormitorio-youme-leo-ym36\/\" \/>\n<meta property=\"og:site_name\" content=\"Garcia Sabat\u00e9\" \/>\n<meta name=\"twitter:card\" content=\"summary_large_image\" \/>\n<script type=\"application\/ld+json\" class=\"yoast-schema-graph\">{\"@context\":\"https:\/\/schema.org\",\"@graph\":[{\"@type\":\"WebPage\",\"@id\":\"https:\/\/www.garciasabate.com\/dormitorio-you-and-me\/dormitorio-youme-leo-ym36\/\",\"url\":\"https:\/\/www.garciasabate.com\/dormitorio-you-and-me\/dormitorio-youme-leo-ym36\/\",\"name\":\"Dormitorio YOU&ME: Estilo n\u00f3rdico acabado en blanco mate\",\"isPartOf\":{\"@id\":\"https:\/\/www.garciasabate.com\/#website\"},\"datePublished\":\"2018-06-29T08:14:05+00:00\",\"dateModified\":\"2018-06-29T08:14:05+00:00\",\"description\":\"Dormitorio de estilo n\u00f3rdico acabado en Blanco Mate, Roble Natural y Grafito Mate. Una combinaci\u00f3n de l\u00edneas rectas en la que llenar\u00e1s de luz la estancia.\",\"breadcrumb\":{\"@id\":\"https:\/\/www.garciasabate.com\/dormitorio-you-and-me\/dormitorio-youme-leo-ym36\/#breadcrumb\"},\"inLanguage\":\"en-GB\",\"potentialAction\":[{\"@type\":\"ReadAction\",\"target\":[\"https:\/\/www.garciasabate.com\/dormitorio-you-and-me\/dormitorio-youme-leo-ym36\/\"]}]},{\"@type\":\"BreadcrumbList\",\"@id\":\"https:\/\/www.garciasabate.com\/dormitorio-you-and-me\/dormitorio-youme-leo-ym36\/#breadcrumb\",\"itemListElement\":[{\"@type\":\"ListItem\",\"position\":1,\"name\":\"Portada\",\"item\":\"https:\/\/www.garciasabate.com\/\"},{\"@type\":\"ListItem\",\"position\":2,\"name\":\"Dormitorio YOU&#038;ME\",\"item\":\"https:\/\/www.garciasabate.com\/dormitorio-you-and-me\/\"},{\"@type\":\"ListItem\",\"position\":3,\"name\":\"DORMITORIO YOU&#038;ME &#8211; LEO YM36\"}]},{\"@type\":\"WebSite\",\"@id\":\"https:\/\/www.garciasabate.com\/#website\",\"url\":\"https:\/\/www.garciasabate.com\/\",\"name\":\"Garcia Sabat\u00e9\",\"description\":\"Muebles Modernos\",\"potentialAction\":[{\"@type\":\"SearchAction\",\"target\":{\"@type\":\"EntryPoint\",\"urlTemplate\":\"https:\/\/www.garciasabate.com\/?s={search_term_string}\"},\"query-input\":{\"@type\":\"PropertyValueSpecification\",\"valueRequired\":true,\"valueName\":\"search_term_string\"}}],\"inLanguage\":\"en-GB\"}]}<\/script>\n<!-- \/ Yoast SEO plugin. -->","yoast_head_json":{"title":"Dormitorio YOU&ME: Estilo n\u00f3rdico acabado en blanco mate","description":"Dormitorio de estilo n\u00f3rdico acabado en Blanco Mate, Roble Natural y Grafito Mate. Una combinaci\u00f3n de l\u00edneas rectas en la que llenar\u00e1s de luz la estancia.","robots":{"index":"index","follow":"follow","max-snippet":"max-snippet:-1","max-image-preview":"max-image-preview:large","max-video-preview":"max-video-preview:-1"},"canonical":"https:\/\/www.garciasabate.com\/en\/dormitorio-you-and-me\/dormitorio-youme-leo-ym36\/","og_locale":"en_GB","og_type":"article","og_title":"Dormitorio YOU&ME: Estilo n\u00f3rdico acabado en blanco mate","og_description":"Dormitorio de estilo n\u00f3rdico acabado en Blanco Mate, Roble Natural y Grafito Mate. Una combinaci\u00f3n de l\u00edneas rectas en la que llenar\u00e1s de luz la estancia.","og_url":"https:\/\/www.garciasabate.com\/en\/dormitorio-you-and-me\/dormitorio-youme-leo-ym36\/","og_site_name":"Garcia Sabat\u00e9","twitter_card":"summary_large_image","schema":{"@context":"https:\/\/schema.org","@graph":[{"@type":"WebPage","@id":"https:\/\/www.garciasabate.com\/dormitorio-you-and-me\/dormitorio-youme-leo-ym36\/","url":"https:\/\/www.garciasabate.com\/dormitorio-you-and-me\/dormitorio-youme-leo-ym36\/","name":"Dormitorio YOU&ME: Estilo n\u00f3rdico acabado en blanco mate","isPartOf":{"@id":"https:\/\/www.garciasabate.com\/#website"},"datePublished":"2018-06-29T08:14:05+00:00","dateModified":"2018-06-29T08:14:05+00:00","description":"Dormitorio de estilo n\u00f3rdico acabado en Blanco Mate, Roble Natural y Grafito Mate. Una combinaci\u00f3n de l\u00edneas rectas en la que llenar\u00e1s de luz la estancia.","breadcrumb":{"@id":"https:\/\/www.garciasabate.com\/dormitorio-you-and-me\/dormitorio-youme-leo-ym36\/#breadcrumb"},"inLanguage":"en-GB","potentialAction":[{"@type":"ReadAction","target":["https:\/\/www.garciasabate.com\/dormitorio-you-and-me\/dormitorio-youme-leo-ym36\/"]}]},{"@type":"BreadcrumbList","@id":"https:\/\/www.garciasabate.com\/dormitorio-you-and-me\/dormitorio-youme-leo-ym36\/#breadcrumb","itemListElement":[{"@type":"ListItem","position":1,"name":"Portada","item":"https:\/\/www.garciasabate.com\/"},{"@type":"ListItem","position":2,"name":"Dormitorio YOU&#038;ME","item":"https:\/\/www.garciasabate.com\/dormitorio-you-and-me\/"},{"@type":"ListItem","position":3,"name":"DORMITORIO YOU&#038;ME &#8211; LEO YM36"}]},{"@type":"WebSite","@id":"https:\/\/www.garciasabate.com\/#website","url":"https:\/\/www.garciasabate.com\/","name":"Garcia Sabat\u00e9","description":"Muebles Modernos","potentialAction":[{"@type":"SearchAction","target":{"@type":"EntryPoint","urlTemplate":"https:\/\/www.garciasabate.com\/?s={search_term_string}"},"query-input":{"@type":"PropertyValueSpecification","valueRequired":true,"valueName":"search_term_string"}}],"inLanguage":"en-GB"}]}},"_links":{"self":[{"href":"http:\/\/www.garciasabate.com\/en\/wp-json\/wp\/v2\/pages\/4822","targetHints":{"allow":["GET"]}}],"collection":[{"href":"http:\/\/www.garciasabate.com\/en\/wp-json\/wp\/v2\/pages"}],"about":[{"href":"http:\/\/www.garciasabate.com\/en\/wp-json\/wp\/v2\/types\/page"}],"author":[{"embeddable":true,"href":"http:\/\/www.garciasabate.com\/en\/wp-json\/wp\/v2\/users\/1"}],"replies":[{"embeddable":true,"href":"http:\/\/www.garciasabate.com\/en\/wp-json\/wp\/v2\/comments?post=4822"}],"version-history":[{"count":0,"href":"http:\/\/www.garciasabate.com\/en\/wp-json\/wp\/v2\/pages\/4822\/revisions"}],"up":[{"embeddable":true,"href":"http:\/\/www.garciasabate.com\/en\/wp-json\/wp\/v2\/pages\/4278"}],"wp:attachment":[{"href":"http:\/\/www.garciasabate.com\/en\/wp-json\/wp\/v2\/media?parent=4822"}],"curies":[{"name":"wp","href":"https:\/\/api.w.org\/{rel}","templated":true}]}}