{"id":5523,"date":"2018-12-20T10:13:43","date_gmt":"2018-12-20T09:13:43","guid":{"rendered":"http:\/\/www.garciasabate.com\/?page_id=5523"},"modified":"2018-12-20T10:13:43","modified_gmt":"2018-12-20T09:13:43","slug":"aparador-convertible-escritorio-coleccion-ckron","status":"publish","type":"page","link":"http:\/\/www.garciasabate.com\/en\/coleccion-ckron-muebles-de-salon-madera-natural\/aparador-convertible-escritorio-coleccion-ckron\/","title":{"rendered":"COMPOSICI\u00d3N CK21"},"content":{"rendered":"","protected":false},"excerpt":{"rendered":"","protected":false},"author":1,"featured_media":0,"parent":5082,"menu_order":0,"comment_status":"closed","ping_status":"closed","template":"page-internas.php","meta":{"footnotes":""},"class_list":["post-5523","page","type-page","status-publish","hentry"],"yoast_head":"<!-- This site is optimized with the Yoast SEO plugin v23.4 - https:\/\/yoast.com\/wordpress\/plugins\/seo\/ -->\n<title>Aparador convertible en escritorio | Colecci\u00f3n CKRON<\/title>\n<meta name=\"description\" content=\"Una pieza vers\u00e1til y pr\u00e1ctica para tu sal\u00f3n: aparador convertible en escritorio de estilo n\u00f3rdico que combina madera y lacados.\" \/>\n<meta name=\"robots\" content=\"index, follow, max-snippet:-1, max-image-preview:large, max-video-preview:-1\" \/>\n<link rel=\"canonical\" href=\"https:\/\/www.garciasabate.com\/en\/coleccion-ckron-muebles-de-salon-madera-natural\/aparador-convertible-escritorio-coleccion-ckron\/\" \/>\n<meta property=\"og:locale\" content=\"en_GB\" \/>\n<meta property=\"og:type\" content=\"article\" \/>\n<meta property=\"og:title\" content=\"Aparador convertible en escritorio | Colecci\u00f3n CKRON\" \/>\n<meta property=\"og:description\" content=\"Una pieza vers\u00e1til y pr\u00e1ctica para tu sal\u00f3n: aparador convertible en escritorio de estilo n\u00f3rdico que combina madera y lacados.\" \/>\n<meta property=\"og:url\" content=\"https:\/\/www.garciasabate.com\/en\/coleccion-ckron-muebles-de-salon-madera-natural\/aparador-convertible-escritorio-coleccion-ckron\/\" \/>\n<meta property=\"og:site_name\" content=\"Garcia Sabat\u00e9\" \/>\n<meta name=\"twitter:card\" content=\"summary_large_image\" \/>\n<script type=\"application\/ld+json\" class=\"yoast-schema-graph\">{\"@context\":\"https:\/\/schema.org\",\"@graph\":[{\"@type\":\"WebPage\",\"@id\":\"https:\/\/www.garciasabate.com\/coleccion-ckron-muebles-de-salon-madera-natural\/aparador-convertible-escritorio-coleccion-ckron\/\",\"url\":\"https:\/\/www.garciasabate.com\/coleccion-ckron-muebles-de-salon-madera-natural\/aparador-convertible-escritorio-coleccion-ckron\/\",\"name\":\"Aparador convertible en escritorio | Colecci\u00f3n CKRON\",\"isPartOf\":{\"@id\":\"https:\/\/www.garciasabate.com\/#website\"},\"datePublished\":\"2018-12-20T09:13:43+00:00\",\"dateModified\":\"2018-12-20T09:13:43+00:00\",\"description\":\"Una pieza vers\u00e1til y pr\u00e1ctica para tu sal\u00f3n: aparador convertible en escritorio de estilo n\u00f3rdico que combina madera y lacados.\",\"breadcrumb\":{\"@id\":\"https:\/\/www.garciasabate.com\/coleccion-ckron-muebles-de-salon-madera-natural\/aparador-convertible-escritorio-coleccion-ckron\/#breadcrumb\"},\"inLanguage\":\"en-GB\",\"potentialAction\":[{\"@type\":\"ReadAction\",\"target\":[\"https:\/\/www.garciasabate.com\/coleccion-ckron-muebles-de-salon-madera-natural\/aparador-convertible-escritorio-coleccion-ckron\/\"]}]},{\"@type\":\"BreadcrumbList\",\"@id\":\"https:\/\/www.garciasabate.com\/coleccion-ckron-muebles-de-salon-madera-natural\/aparador-convertible-escritorio-coleccion-ckron\/#breadcrumb\",\"itemListElement\":[{\"@type\":\"ListItem\",\"position\":1,\"name\":\"Portada\",\"item\":\"https:\/\/www.garciasabate.com\/\"},{\"@type\":\"ListItem\",\"position\":2,\"name\":\"Colecci\u00f3n CKRON\",\"item\":\"https:\/\/www.garciasabate.com\/coleccion-ckron-muebles-de-salon-madera-natural\/\"},{\"@type\":\"ListItem\",\"position\":3,\"name\":\"COMPOSICI\u00d3N CK21\"}]},{\"@type\":\"WebSite\",\"@id\":\"https:\/\/www.garciasabate.com\/#website\",\"url\":\"https:\/\/www.garciasabate.com\/\",\"name\":\"Garcia Sabat\u00e9\",\"description\":\"Muebles Modernos\",\"potentialAction\":[{\"@type\":\"SearchAction\",\"target\":{\"@type\":\"EntryPoint\",\"urlTemplate\":\"https:\/\/www.garciasabate.com\/?s={search_term_string}\"},\"query-input\":{\"@type\":\"PropertyValueSpecification\",\"valueRequired\":true,\"valueName\":\"search_term_string\"}}],\"inLanguage\":\"en-GB\"}]}<\/script>\n<!-- \/ Yoast SEO plugin. -->","yoast_head_json":{"title":"Aparador convertible en escritorio | Colecci\u00f3n CKRON","description":"Una pieza vers\u00e1til y pr\u00e1ctica para tu sal\u00f3n: aparador convertible en escritorio de estilo n\u00f3rdico que combina madera y lacados.","robots":{"index":"index","follow":"follow","max-snippet":"max-snippet:-1","max-image-preview":"max-image-preview:large","max-video-preview":"max-video-preview:-1"},"canonical":"https:\/\/www.garciasabate.com\/en\/coleccion-ckron-muebles-de-salon-madera-natural\/aparador-convertible-escritorio-coleccion-ckron\/","og_locale":"en_GB","og_type":"article","og_title":"Aparador convertible en escritorio | Colecci\u00f3n CKRON","og_description":"Una pieza vers\u00e1til y pr\u00e1ctica para tu sal\u00f3n: aparador convertible en escritorio de estilo n\u00f3rdico que combina madera y lacados.","og_url":"https:\/\/www.garciasabate.com\/en\/coleccion-ckron-muebles-de-salon-madera-natural\/aparador-convertible-escritorio-coleccion-ckron\/","og_site_name":"Garcia Sabat\u00e9","twitter_card":"summary_large_image","schema":{"@context":"https:\/\/schema.org","@graph":[{"@type":"WebPage","@id":"https:\/\/www.garciasabate.com\/coleccion-ckron-muebles-de-salon-madera-natural\/aparador-convertible-escritorio-coleccion-ckron\/","url":"https:\/\/www.garciasabate.com\/coleccion-ckron-muebles-de-salon-madera-natural\/aparador-convertible-escritorio-coleccion-ckron\/","name":"Aparador convertible en escritorio | Colecci\u00f3n CKRON","isPartOf":{"@id":"https:\/\/www.garciasabate.com\/#website"},"datePublished":"2018-12-20T09:13:43+00:00","dateModified":"2018-12-20T09:13:43+00:00","description":"Una pieza vers\u00e1til y pr\u00e1ctica para tu sal\u00f3n: aparador convertible en escritorio de estilo n\u00f3rdico que combina madera y lacados.","breadcrumb":{"@id":"https:\/\/www.garciasabate.com\/coleccion-ckron-muebles-de-salon-madera-natural\/aparador-convertible-escritorio-coleccion-ckron\/#breadcrumb"},"inLanguage":"en-GB","potentialAction":[{"@type":"ReadAction","target":["https:\/\/www.garciasabate.com\/coleccion-ckron-muebles-de-salon-madera-natural\/aparador-convertible-escritorio-coleccion-ckron\/"]}]},{"@type":"BreadcrumbList","@id":"https:\/\/www.garciasabate.com\/coleccion-ckron-muebles-de-salon-madera-natural\/aparador-convertible-escritorio-coleccion-ckron\/#breadcrumb","itemListElement":[{"@type":"ListItem","position":1,"name":"Portada","item":"https:\/\/www.garciasabate.com\/"},{"@type":"ListItem","position":2,"name":"Colecci\u00f3n CKRON","item":"https:\/\/www.garciasabate.com\/coleccion-ckron-muebles-de-salon-madera-natural\/"},{"@type":"ListItem","position":3,"name":"COMPOSICI\u00d3N CK21"}]},{"@type":"WebSite","@id":"https:\/\/www.garciasabate.com\/#website","url":"https:\/\/www.garciasabate.com\/","name":"Garcia Sabat\u00e9","description":"Muebles Modernos","potentialAction":[{"@type":"SearchAction","target":{"@type":"EntryPoint","urlTemplate":"https:\/\/www.garciasabate.com\/?s={search_term_string}"},"query-input":{"@type":"PropertyValueSpecification","valueRequired":true,"valueName":"search_term_string"}}],"inLanguage":"en-GB"}]}},"_links":{"self":[{"href":"http:\/\/www.garciasabate.com\/en\/wp-json\/wp\/v2\/pages\/5523","targetHints":{"allow":["GET"]}}],"collection":[{"href":"http:\/\/www.garciasabate.com\/en\/wp-json\/wp\/v2\/pages"}],"about":[{"href":"http:\/\/www.garciasabate.com\/en\/wp-json\/wp\/v2\/types\/page"}],"author":[{"embeddable":true,"href":"http:\/\/www.garciasabate.com\/en\/wp-json\/wp\/v2\/users\/1"}],"replies":[{"embeddable":true,"href":"http:\/\/www.garciasabate.com\/en\/wp-json\/wp\/v2\/comments?post=5523"}],"version-history":[{"count":0,"href":"http:\/\/www.garciasabate.com\/en\/wp-json\/wp\/v2\/pages\/5523\/revisions"}],"up":[{"embeddable":true,"href":"http:\/\/www.garciasabate.com\/en\/wp-json\/wp\/v2\/pages\/5082"}],"wp:attachment":[{"href":"http:\/\/www.garciasabate.com\/en\/wp-json\/wp\/v2\/media?parent=5523"}],"curies":[{"name":"wp","href":"https:\/\/api.w.org\/{rel}","templated":true}]}}