{"id":4108,"date":"2018-03-06T13:05:39","date_gmt":"2018-03-06T12:05:39","guid":{"rendered":"http:\/\/www.garciasabate.com\/?page_id=4108"},"modified":"2018-03-06T13:05:39","modified_gmt":"2018-03-06T12:05:39","slug":"aviso-legal-y-politica-de-privacidad","status":"publish","type":"page","link":"https:\/\/www.garciasabate.com\/en\/aviso-legal-y-politica-de-privacidad\/","title":{"rendered":"Aviso legal y pol\u00edtica de privacidad"},"content":{"rendered":"<p>AVISO LEGAL \/ POL\u00cdTICA DE PRIVACIDAD<\/p>\n<blockquote class=\"wp-embedded-content\" data-secret=\"b3u4MYp4bF\"><p><a href=\"https:\/\/www.garciasabate.com\/en\/\">Inicio<\/a><\/p><\/blockquote>\n<p><iframe loading=\"lazy\" class=\"wp-embedded-content\" sandbox=\"allow-scripts\" security=\"restricted\" style=\"position: absolute; clip: rect(1px, 1px, 1px, 1px);\" title=\"\u00abInicio\u00bb \u2014 Garcia Sabat\u00e9\" src=\"https:\/\/www.garciasabate.com\/embed\/#?secret=QNu7VUnp7Z#?secret=b3u4MYp4bF\" data-secret=\"b3u4MYp4bF\" width=\"500\" height=\"282\" frameborder=\"0\" marginwidth=\"0\" marginheight=\"0\" scrolling=\"no\"><\/iframe><\/p>\n<p>&nbsp;<\/p>\n<p><strong>AVISO LEGAL<\/strong><\/p>\n<p><strong>TITULAR DE LA WEB<\/strong><br \/>\nEn cumplimiento con el deber de informaci\u00f3n recogido en art\u00edculo 10 de la Ley 34\/2002, de 11 de julio, de Servicios de la Sociedad de la Informaci\u00f3n y del Comercio Electr\u00f3nico, a continuaci\u00f3n se reflejan los siguientes datos:<br \/>\nEmpresa titular de esta web: MUEBLES GARC\u00cdA SABAT\u00c9, S.A.<br \/>\nC.I.F.: A43024181<br \/>\nDomicilio: C\/ SAN CRISTOBAL, 8 &#8211; 12500 &#8211; VINAROS (CASTELLON)<br \/>\nDatos registrales: Registro Mercantil de\u00a0Castell\u00f3n, Tomo\u00a01746, Libro 1307, Folio 187,<br \/>\nHoja\u00a0CS40573, Inscripci\u00f3n 2\u00aa<br \/>\nTel\u00e9fono: 977713384<br \/>\nCorreo electr\u00f3nico: correo@garciasabate.com<\/p>\n<p>&nbsp;<\/p>\n<p><strong>OBJETO<\/strong><br \/>\nEl Responsable pone a disposici\u00f3n de los usuarios el presente documento con el que pretende dar cumplimiento de lo dispuesto por la Ley 34\/2002, de 11 de julio, de Servicios de la Sociedad de la Informaci\u00f3n y del Comercio Electr\u00f3nico y las normativas vigentes en materia de Protecci\u00f3n de Datos, as\u00ed como informar a todos los usuarios del sitio web respecto a cu\u00e1les son las condiciones de uso del mismo.<br \/>\nToda persona que acceda a este sitio web asume el papel de usuario, comprometi\u00e9ndose a la observancia y cumplimiento riguroso de las disposiciones aqu\u00ed dispuestas, as\u00ed como a cualquier otra disposici\u00f3n legal que fuera de aplicaci\u00f3n.<br \/>\nEl Responsable se reserva el derecho a modificar cualquier tipo de informaci\u00f3n que pudiera aparecer en el sitio web, sin que exista obligaci\u00f3n de preavisar o poner en conocimiento de los usuarios dichas obligaciones, entendi\u00e9ndose como suficiente con la publicaci\u00f3n en el sitio web del Responsable.<\/p>\n<p><strong>RESPONSABILIDAD<\/strong><br \/>\nEl Responsable se exime de cualquier tipo de responsabilidad derivada de la informaci\u00f3n publicada en su sitio web, siempre que esta informaci\u00f3n haya sido manipulada o introducida por un tercero ajeno al mismo.<\/p>\n<p><strong>DIRECCIONES IP<\/strong><br \/>\nLos servidores del sitio web podr\u00e1n detectar de manera autom\u00e1tica la direcci\u00f3n IP y el nombre de dominio utilizados por el usuario.<br \/>\nUna direcci\u00f3n IP es un n\u00famero asignado autom\u00e1ticamente a un ordenador cuando \u00e9ste se conecta a Internet. Toda esta informaci\u00f3n es registrada en un fichero de actividad del servidor, debidamente inscrito, que permite el posterior procesamiento de los datos con el fin de obtener mediciones \u00fanicamente estad\u00edsticas que permitan conocer el n\u00famero de impresiones de p\u00e1ginas, el n\u00famero de visitas realizadas a los servidores web, el orden de visitas, el punto de acceso, etc.<\/p>\n<p><strong>POLITICA DE ENLACES<\/strong><br \/>\nDesde el presente sitio web es posible que se redirija a contenidos de terceros sitios web. Dado que El Responsable no puede controlar siempre los contenidos introducidos por los terceros en sus sitios web, \u00e9ste no asume ning\u00fan tipo de responsabilidad respecto a dichos contenidos. En todo caso, El Responsable manifiesta que proceder\u00e1 a la retirada inmediata de cualquier contenido que pudiera contravenir la legislaci\u00f3n nacional o internacional, la moral o el orden p\u00fablico, procediendo a la retirada inmediata de la redirecci\u00f3n a dicho sitio web, poniendo en conocimiento de las autoridades competentes el contenido en cuesti\u00f3n.<\/p>\n<p>El Responsable no se hace responsable de la informaci\u00f3n y contenidos almacenados, a t\u00edtulo enunciativo pero no limitativo, en foros, chats, generadores de blogs, comentarios, redes sociales o cualquier otro medio que permita a terceros publicar contenidos de forma independiente en la p\u00e1gina web del Responsable. No obstante y en cumplimiento de lo dispuesto en el art. 11 y 16 de la LSSICE, El Responsable se pone a disposici\u00f3n de todos los usuarios, autoridades y fuerzas de seguridad, colaborando de forma activa en la retirada o en su caso bloqueo de todos aquellos<br \/>\ncontenidos que pudieran afectar o contravenir la legislaci\u00f3n nacional, o internacional, derechos de terceros o la moral y el orden p\u00fablico. En caso de que el usuario considere que existe en el sitio web alg\u00fan contenido que pudiera ser susceptible de esta clasificaci\u00f3n, se ruega lo notifique de forma inmediata al administrador del sitio web.<\/p>\n<p>Este sitio web ha sido revisado y probado para que funcione correctamente. En principio, puede garantizarse el correcto funcionamiento los 365 d\u00edas del a\u00f1o, 24 horas al d\u00eda. No obstante, El Responsable no descarta la posibilidad de que existan ciertos errores de programaci\u00f3n, o que acontezcan causas de fuerza mayor, cat\u00e1strofes naturales, huelgas, o circunstancias semejantes que hagan imposible el acceso a la p\u00e1gina web.<\/p>\n<p><strong>PROTECCI\u00d3N DE DATOS<\/strong><br \/>\nEl Responsable se encuentra profundamente comprometido en el cumplimiento de lo dispuesto por la normativa vigente en materia de protecci\u00f3n de datos, y en el contexto del nuevo marco normativo establecido en virtud de lo dispuesto en el Reglamento (UE) 2016\/679 del Parlamento Europeo y del Consejo, de 27 de abril de 2016, relativo a la protecci\u00f3n de las personas f\u00edsicas en lo que respecta al tratamiento de datos personales y a la libre circulaci\u00f3n de estos datos (en adelante, el \u201cRGPD\u201d), y la normativa Ley Org\u00e1nica 3\/2018, de 5 de diciembre, de Protecci\u00f3n de Datos<br \/>\nPersonales y garant\u00eda de los derechos digitales (en adelante, el \u201cLOPDGDD\u201d).<\/p>\n<p>Asimismo, El Responsable informa que da cumplimiento a la Ley 34\/2002 de 11 de julio, de Servicios de la Sociedad de la Informaci\u00f3n y el Comercio Electr\u00f3nico y le solicitar\u00e1 su consentimiento al tratamiento de sus datos con fines comerciales en cada momento.<\/p>\n<p><strong>PROPIEDAD INTELECTUAL E INDUSTRIAL<\/strong><br \/>\nEl sitio web, incluyendo a t\u00edtulo enunciativo pero no limitativo su programaci\u00f3n, edici\u00f3n, compilaci\u00f3n y dem\u00e1s elementos necesarios para su funcionamiento, los dise\u00f1os, logotipos, texto y\/o gr\u00e1ficos son propiedad del Responsable o en su caso dispone de licencia o autorizaci\u00f3n expresa por parte de los autores.<\/p>\n<p>Todos los contenidos del sitio web se encuentran debidamente protegidos por la normativa de propiedad intelectual e industrial.<br \/>\nIndependientemente de la finalidad para la que fueran destinados, la reproducci\u00f3n total o parcial, uso, explotaci\u00f3n, distribuci\u00f3n y comercializaci\u00f3n, requiere en todo caso de la autorizaci\u00f3n escrita previa por parte del Responsable. Cualquier uso no autorizado previamente por parte del Responsable ser\u00e1 considerado un incumplimiento grave de los derechos de propiedad intelectual o industrial del autor.<\/p>\n<p>Los dise\u00f1os, logotipos, texto y\/o gr\u00e1ficos ajenos al prestador y que pudieran aparecer en el sitio web, pertenecen a sus respectivos propietarios, siendo ellos mismos responsables de cualquier posible controversia que pudiera suscitarse respecto a los mismos. En todo caso, El Responsable cuenta con la autorizaci\u00f3n expresa y previa por parte de los mismos.<\/p>\n<p>El Responsable autoriza expresamente a que terceros puedan redirigir directamente a los contenidos concretos del sitio web, debiendo en todo caso redirigir a la p\u00e1gina principal del sitio web del Responsable.<\/p>\n<p>El Responsable reconoce a favor de sus titulares los correspondientes derechos de propiedad intelectual e industrial, no implicando su sola menci\u00f3n o aparici\u00f3n en el sitio web la existencia de derechos o responsabilidad alguna del Responsable sobre los mismos, como tampoco respaldo, patrocinio o recomendaci\u00f3n por su parte.<\/p>\n<p>Para todas aquellas im\u00e1genes en las que el software de dise\u00f1o lo permite, se han incluido las referencias correspondientes a la autor\u00eda y licencia correspondiente.<br \/>\nPara realizar cualquier tipo de observaci\u00f3n respecto a posibles incumplimientos de los derechos de propiedad intelectual o industrial, as\u00ed como sobre cualquiera de los contenidos del sitio web, puede hacerlo por escrito o correo electr\u00f3nico indicado en el encabezamiento.<\/p>\n<p><strong>SSL<\/strong><br \/>\nEl Responsable ha contratado para su sitio web un certificado SSL (\u00abSecure Sockets Layer\u00bb).<br \/>\nUn certificado SSL permite proteger toda la informaci\u00f3n personal y confidencial que se pueda manejar en un sitio web, independientemente de la informaci\u00f3n que se est\u00e9 transmitiendo, como por ejemplo, desde cualquiera de los formularios de contacto del sitio web hasta el servidor, o los datos introducidos para la subscripci\u00f3n de boletines de noticias o accesos a las \u00e1reas protegidas, etc.<\/p>\n<p>La direcci\u00f3n del sitio web aparecer\u00e1 en color verde, activ\u00e1ndose el protocolo \u201chttps\u201d que permite conexiones seguras desde un servidor web al navegador del usuario.<\/p>\n<p>&nbsp;<\/p>\n<p><strong>POL\u00cdTICA DE PRIVACIDAD<\/strong><\/p>\n<p>MUEBLES GARC\u00cdA SABAT\u00c9, S.A., informa a los usuarios del sitio web sobre su pol\u00edtica respecto al tratamiento y protecci\u00f3n de los datos de car\u00e1cter personal de los usuarios y clientes.<br \/>\nY garantiza en todo momento el \u00edntegro y pleno cumplimiento de las obligaciones dispuestas por la normativa de protecci\u00f3n de datos y servicios de la sociedad de la informaci\u00f3n: Reglamento (UE) 2016\/679 del Parlamento Europeo y del Consejo, de 27 de abril de 2016, relativo a la protecci\u00f3n de las personas f\u00edsicas en lo que respecta al tratamiento de datos personales y a la libre circulaci\u00f3n de estos datos (RGPD), la normativa Ley Org\u00e1nica 3\/2018, de 5 de diciembre, de Protecci\u00f3n de Datos Personales y garant\u00eda de los derechos digitales (LOPDGDD) y la Ley 34\/2002, de 11<br \/>\nde julio, de Servicios de la Sociedad de la Informaci\u00f3n y del Comercio Electr\u00f3nico (LSSIce).<\/p>\n<p><strong>RESPONSABLE DEL TRATAMIENTO<\/strong><br \/>\nEmpresa titular de esta web: MUEBLES GARC\u00cdA SABAT\u00c9, S.A.<br \/>\nC.I.F.: A43024181<br \/>\nDomicilio: C\/ SAN CRISTOBAL, 8 &#8211; 12500 &#8211; VINAROS (CASTELLON)<br \/>\nDatos registrales: Registro Mercantil de\u00a0Castell\u00f3n, Tomo\u00a01746, Libro 1307, Folio 187,<br \/>\nHoja\u00a0CS40573, Inscripci\u00f3n 2\u00aa<br \/>\nTel\u00e9fono: 977713384<br \/>\nCorreo electr\u00f3nico: correo@garciasabate.com<\/p>\n<p><strong>FINALIDADES DEL TRATAMIENTO DE LOS DATOS<\/strong><br \/>\nLos datos facilitados por el Usuario son utilizados con diversas finalidades que se enumeran a continuaci\u00f3n:<\/p>\n<table>\n<tbody>\n<tr>\n<td><strong>Finalidad del tratamiento<\/strong><\/td>\n<td><strong>Base jur\u00eddica para el tratamiento<\/strong><\/td>\n<\/tr>\n<tr>\n<td>Gestionar las consultas planteadas a trav\u00e9s de los formularios web.<\/td>\n<td>Inter\u00e9s leg\u00edtimo de la Sociedad para atender a los requerimientos de informaci\u00f3n a trav\u00e9s de la web.<br \/>\nConsentimiento prestado de forma expresa en el momento de recogida de los datos a trav\u00e9s de los formularios web.<\/td>\n<\/tr>\n<tr>\n<td>Env\u00edo de newsletters, comunicaciones comerciales y promociones.<\/td>\n<td>Consentimiento prestado de forma expresa en el momento de recogida de los datos a trav\u00e9s de los formularios web.<\/td>\n<\/tr>\n<tr>\n<td>Gestionar las incidencias y el mantenimiento de la web.<\/td>\n<td>Inter\u00e9s leg\u00edtimo de la Sociedad.<\/td>\n<\/tr>\n<\/tbody>\n<\/table>\n<p><strong>PLAZO DE CONSERVACI\u00d3N DE LOS DATOS<\/strong><\/p>\n<table>\n<tbody>\n<tr>\n<td>Finalidad del tratamiento<\/td>\n<td>Base jur\u00eddica para el tratamiento<\/td>\n<\/tr>\n<tr>\n<td>Gestionar las consultas planteadas a trav\u00e9s de los formularios web.<\/td>\n<td>Trataremos tus datos durante el tiempo que sea necesario para atender tu solicitud o petici\u00f3n.<\/td>\n<\/tr>\n<tr>\n<td>Env\u00edo de newsletters, comunicaciones comerciales y promociones.<\/td>\n<td>Trataremos tus datos hasta que te des de baja.<\/td>\n<\/tr>\n<tr>\n<td>Gestionar las incidencias y el mantenimiento de la web.<\/td>\n<td>Trataremos sus datos durante el tiempo necesario para cumplir los plazos legales de prescripci\u00f3n que le resulten de aplicaci\u00f3n.<\/td>\n<\/tr>\n<\/tbody>\n<\/table>\n<p>DESTINATARIOS DE LOS DATOS<br \/>\nPara cumplir las finalidades indicadas en la presente Pol\u00edtica de Privacidad, es necesario que demos acceso a tus datos personales a terceras partes que nos presten apoyo en los servicios que te ofrecemos (Encarados de Tratamiento).<\/p>\n<p>Los encargados de tratamiento para la ejecuci\u00f3n de un contrato o prestaci\u00f3n de un servicio al Responsable, siguiendo por ello sus instrucciones en todo momento y asegurando los mismos niveles de seguridad.<\/p>\n<p><strong>DERECHOS DE LOS USUARIOS<\/strong><br \/>\nEl usuario tiene derecho a:<\/p>\n<ul>\n<li>Solicitar el acceso a sus datos personales que se est\u00e1n tratando y recibir dicha<br \/>\ninformaci\u00f3n por escrito por el medio solicitado.<\/li>\n<li>Solicitar la rectificaci\u00f3n de los datos personales inexactos o, en su caso, solicitar<br \/>\nsu supresi\u00f3n cuando, entre otros motivos, los datos ya no sean necesarios para la<br \/>\nfinalidad por los que fueron recogidos.<\/li>\n<li>Solicitar la limitaci\u00f3n del tratamiento de sus datos.<\/li>\n<li>Oponerse al tratamiento de sus datos personales cuando proceda, en cuyo caso<br \/>\nse dejar\u00e1n de tratar sus datos salvo por motivos leg\u00edtimos.<\/li>\n<li>Derecho a la portabilidad de sus datos personales cuando el tratamiento est\u00e9<br \/>\nbasado en un consentimiento y se efect\u00fae por medios automatizados. los datos se<br \/>\nentregaran de forma estructurada, uso com\u00fan y lectura mec\u00e1nica.<\/li>\n<li>Derecho a retirar el consentimiento prestado.<\/li>\n<li>Derecho a reclamar ante la agencia espa\u00f1ola de protecci\u00f3n de datos.<\/li>\n<\/ul>\n<p>El Usuario puede ejercitar los derechos anteriormente indicados a la direcci\u00f3n de correo postal o electr\u00f3nica del Responsable, acreditando su identidad con una copia escaneada de su DNI o documento equivalente, y especificando el derecho que desea ejercer.<\/p>\n<p>&nbsp;<\/p>\n<p><strong>PROCEDENCIA DE LOS DATOS<\/strong><br \/>\nLos datos personales ser\u00e1n facilitados por el propio interesado de forma absolutamente voluntaria. La carencia de facilitar determinados datos o preguntas que pudieran formularse en los procesos de registro o en los distintos formularios electr\u00f3nicos que se le presenten al Usuario, puede provocar la imposibilidad de acceso a determinados servicios para cuya prestaci\u00f3n es imprescindible disponer de los datos de car\u00e1cter personal, en tal caso El Responsable informar\u00e1 del car\u00e1cter obligatorio y\/o necesario de facilitar los datos personales para el funcionamiento del servicio.<\/p>\n<p>El Responsable le asegura la confidencialidad de sus datos personales y le garantiza la seguridad de los mismos, adoptando las medidas necesarias para evitar su alteraci\u00f3n, p\u00e9rdida, tratamiento o acceso no autorizado.<\/p>\n<p><strong>INFORMACI\u00d3N FACILITADA POR EL USUARIO<\/strong><br \/>\nLos y las menores de 18 a\u00f1os no pueden ceder sus datos personales sin el previo consentimiento de su padre\/madre y\/o tutores legales.<br \/>\nLos Usuarios, introduciendo sus datos en los formularios de contacto o presentados en formularios de descarga, aceptan expresamente y de forma libre e inequ\u00edvoca, que sus datos son necesarios para atender su petici\u00f3n, por parte del Responsable, siendo voluntaria la inclusi\u00f3n de datos en los campos restantes.<\/p>\n<p>El Usuario garantiza que los datos personales facilitados son veraces y se hace responsable de comunicar cualquier modificaci\u00f3n de los mismos.<br \/>\nTodos los datos solicitados a trav\u00e9s del sitio web son necesarios para la prestaci\u00f3n de un servicio \u00f3ptimo al Usuario. En caso de que no sean facilitados todos los datos, no se garantiza que la informaci\u00f3n y servicios que El Responsable le facilite, sean completamente ajustados a sus necesidades.<\/p>\n<p><strong>MEDIDAS DE SEGURIDAD<\/strong><br \/>\nQue de conformidad con lo dispuesto en las normativas vigentes en materia de protecci\u00f3n de datos personales, El Responsable est\u00e1 cumpliendo con todas las disposiciones de las normativas RGPD y LOPDGDD para el tratamiento de los datos personales de su responsabilidad, los cuales son tratados de manera l\u00edcita, leal y transparente en relaci\u00f3n con el interesado y adecuados, pertinentes y limitados a lo necesario en relaci\u00f3n con los fines para los que son tratados.<\/p>\n<p>El Responsable garantiza que ha implementado pol\u00edticas t\u00e9cnicas y organizativas apropiadas para aplicar las medidas de seguridad que establecen el RGPD y la LOPDGDD con el fin de proteger los derechos y libertades de los Usuarios y les ha comunicado la informaci\u00f3n adecuada para que puedan ejercerlos.<\/p>\n<p><strong>BRECHAS DE SEGURIDAD<\/strong><br \/>\nEl Responsable informar\u00e1 sobre cualquier brecha de seguridad que afecte a la base de datos que utiliza este sitio web, o que afecte a cualquiera de nuestros servicios deterceros, a todas y cada una de las personas, datos de los cuales puedan haber sido afectadas, y autoridades, dentro de las 72 horas siguientes a la detecci\u00f3n de la brecha.<\/p>\n<p><strong>LEGISLACI\u00d3N APLICABLE Y JURISDICCI\u00d3N<\/strong><br \/>\nPara la resoluci\u00f3n de todas las controversias o cuestiones relacionadas con el presente sitio web o de las actividades en \u00e9l desarrolladas, ser\u00e1 de aplicaci\u00f3n la legislaci\u00f3n espa\u00f1ola, a la que se someten expresamente las partes, siendo competentes para la resoluci\u00f3n de todos los conflictos derivados o relacionados con su uso los Juzgados y Tribunales de Castell\u00f3n.<\/p>","protected":false},"excerpt":{"rendered":"<p>AVISO LEGAL \/ POL\u00cdTICA DE PRIVACIDAD Inicio &nbsp; AVISO LEGAL TITULAR DE LA WEB En cumplimiento con el deber de<\/p>","protected":false},"author":1,"featured_media":0,"parent":0,"menu_order":0,"comment_status":"closed","ping_status":"closed","template":"","meta":{"footnotes":""},"class_list":["post-4108","page","type-page","status-publish","hentry"],"yoast_head":"<!-- This site is optimized with the Yoast SEO plugin v23.4 - https:\/\/yoast.com\/wordpress\/plugins\/seo\/ -->\n<title>Aviso legal y pol\u00edtica de privacidad | Muebles Garc\u00eda Sabat\u00e9<\/title>\n<meta name=\"description\" content=\"En cumplimiento con el deber de informaci\u00f3n recogido en art\u00edculo 10 de la Ley 34\/2002, de 11 de julio, de Servicios de la Sociedad de la Informaci\u00f3n y del Comercio Electr\u00f3nico, se reflejan los siguientes datos.\" \/>\n<meta name=\"robots\" content=\"index, follow, max-snippet:-1, max-image-preview:large, max-video-preview:-1\" \/>\n<link rel=\"canonical\" href=\"https:\/\/www.garciasabate.com\/en\/aviso-legal-y-politica-de-privacidad\/\" \/>\n<meta property=\"og:locale\" content=\"en_GB\" \/>\n<meta property=\"og:type\" content=\"article\" \/>\n<meta property=\"og:title\" content=\"Aviso legal y pol\u00edtica de privacidad | Muebles Garc\u00eda Sabat\u00e9\" \/>\n<meta property=\"og:description\" content=\"En cumplimiento con el deber de informaci\u00f3n recogido en art\u00edculo 10 de la Ley 34\/2002, de 11 de julio, de Servicios de la Sociedad de la Informaci\u00f3n y del Comercio Electr\u00f3nico, se reflejan los siguientes datos.\" \/>\n<meta property=\"og:url\" content=\"https:\/\/www.garciasabate.com\/en\/aviso-legal-y-politica-de-privacidad\/\" \/>\n<meta property=\"og:site_name\" content=\"Garcia Sabat\u00e9\" \/>\n<meta name=\"twitter:card\" content=\"summary_large_image\" \/>\n<meta name=\"twitter:label1\" content=\"Estimated reading time\" \/>\n\t<meta name=\"twitter:data1\" content=\"13 minutes\" \/>\n<script type=\"application\/ld+json\" class=\"yoast-schema-graph\">{\"@context\":\"https:\/\/schema.org\",\"@graph\":[{\"@type\":\"WebPage\",\"@id\":\"https:\/\/www.garciasabate.com\/aviso-legal-y-politica-de-privacidad\/\",\"url\":\"https:\/\/www.garciasabate.com\/aviso-legal-y-politica-de-privacidad\/\",\"name\":\"Aviso legal y pol\u00edtica de privacidad | Muebles Garc\u00eda Sabat\u00e9\",\"isPartOf\":{\"@id\":\"https:\/\/www.garciasabate.com\/#website\"},\"datePublished\":\"2018-03-06T12:05:39+00:00\",\"dateModified\":\"2018-03-06T12:05:39+00:00\",\"description\":\"En cumplimiento con el deber de informaci\u00f3n recogido en art\u00edculo 10 de la Ley 34\/2002, de 11 de julio, de Servicios de la Sociedad de la Informaci\u00f3n y del Comercio Electr\u00f3nico, se reflejan los siguientes datos.\",\"breadcrumb\":{\"@id\":\"https:\/\/www.garciasabate.com\/aviso-legal-y-politica-de-privacidad\/#breadcrumb\"},\"inLanguage\":\"en-GB\",\"potentialAction\":[{\"@type\":\"ReadAction\",\"target\":[\"https:\/\/www.garciasabate.com\/aviso-legal-y-politica-de-privacidad\/\"]}]},{\"@type\":\"BreadcrumbList\",\"@id\":\"https:\/\/www.garciasabate.com\/aviso-legal-y-politica-de-privacidad\/#breadcrumb\",\"itemListElement\":[{\"@type\":\"ListItem\",\"position\":1,\"name\":\"Portada\",\"item\":\"https:\/\/www.garciasabate.com\/\"},{\"@type\":\"ListItem\",\"position\":2,\"name\":\"Aviso legal y pol\u00edtica de privacidad\"}]},{\"@type\":\"WebSite\",\"@id\":\"https:\/\/www.garciasabate.com\/#website\",\"url\":\"https:\/\/www.garciasabate.com\/\",\"name\":\"Garcia Sabat\u00e9\",\"description\":\"Muebles Modernos\",\"potentialAction\":[{\"@type\":\"SearchAction\",\"target\":{\"@type\":\"EntryPoint\",\"urlTemplate\":\"https:\/\/www.garciasabate.com\/?s={search_term_string}\"},\"query-input\":{\"@type\":\"PropertyValueSpecification\",\"valueRequired\":true,\"valueName\":\"search_term_string\"}}],\"inLanguage\":\"en-GB\"}]}<\/script>\n<!-- \/ Yoast SEO plugin. -->","yoast_head_json":{"title":"Aviso legal y pol\u00edtica de privacidad | Muebles Garc\u00eda Sabat\u00e9","description":"En cumplimiento con el deber de informaci\u00f3n recogido en art\u00edculo 10 de la Ley 34\/2002, de 11 de julio, de Servicios de la Sociedad de la Informaci\u00f3n y del Comercio Electr\u00f3nico, se reflejan los siguientes datos.","robots":{"index":"index","follow":"follow","max-snippet":"max-snippet:-1","max-image-preview":"max-image-preview:large","max-video-preview":"max-video-preview:-1"},"canonical":"https:\/\/www.garciasabate.com\/en\/aviso-legal-y-politica-de-privacidad\/","og_locale":"en_GB","og_type":"article","og_title":"Aviso legal y pol\u00edtica de privacidad | Muebles Garc\u00eda Sabat\u00e9","og_description":"En cumplimiento con el deber de informaci\u00f3n recogido en art\u00edculo 10 de la Ley 34\/2002, de 11 de julio, de Servicios de la Sociedad de la Informaci\u00f3n y del Comercio Electr\u00f3nico, se reflejan los siguientes datos.","og_url":"https:\/\/www.garciasabate.com\/en\/aviso-legal-y-politica-de-privacidad\/","og_site_name":"Garcia Sabat\u00e9","twitter_card":"summary_large_image","twitter_misc":{"Estimated reading time":"13 minutes"},"schema":{"@context":"https:\/\/schema.org","@graph":[{"@type":"WebPage","@id":"https:\/\/www.garciasabate.com\/aviso-legal-y-politica-de-privacidad\/","url":"https:\/\/www.garciasabate.com\/aviso-legal-y-politica-de-privacidad\/","name":"Aviso legal y pol\u00edtica de privacidad | Muebles Garc\u00eda Sabat\u00e9","isPartOf":{"@id":"https:\/\/www.garciasabate.com\/#website"},"datePublished":"2018-03-06T12:05:39+00:00","dateModified":"2018-03-06T12:05:39+00:00","description":"En cumplimiento con el deber de informaci\u00f3n recogido en art\u00edculo 10 de la Ley 34\/2002, de 11 de julio, de Servicios de la Sociedad de la Informaci\u00f3n y del Comercio Electr\u00f3nico, se reflejan los siguientes datos.","breadcrumb":{"@id":"https:\/\/www.garciasabate.com\/aviso-legal-y-politica-de-privacidad\/#breadcrumb"},"inLanguage":"en-GB","potentialAction":[{"@type":"ReadAction","target":["https:\/\/www.garciasabate.com\/aviso-legal-y-politica-de-privacidad\/"]}]},{"@type":"BreadcrumbList","@id":"https:\/\/www.garciasabate.com\/aviso-legal-y-politica-de-privacidad\/#breadcrumb","itemListElement":[{"@type":"ListItem","position":1,"name":"Portada","item":"https:\/\/www.garciasabate.com\/"},{"@type":"ListItem","position":2,"name":"Aviso legal y pol\u00edtica de privacidad"}]},{"@type":"WebSite","@id":"https:\/\/www.garciasabate.com\/#website","url":"https:\/\/www.garciasabate.com\/","name":"Garcia Sabat\u00e9","description":"Muebles Modernos","potentialAction":[{"@type":"SearchAction","target":{"@type":"EntryPoint","urlTemplate":"https:\/\/www.garciasabate.com\/?s={search_term_string}"},"query-input":{"@type":"PropertyValueSpecification","valueRequired":true,"valueName":"search_term_string"}}],"inLanguage":"en-GB"}]}},"_links":{"self":[{"href":"https:\/\/www.garciasabate.com\/en\/wp-json\/wp\/v2\/pages\/4108","targetHints":{"allow":["GET"]}}],"collection":[{"href":"https:\/\/www.garciasabate.com\/en\/wp-json\/wp\/v2\/pages"}],"about":[{"href":"https:\/\/www.garciasabate.com\/en\/wp-json\/wp\/v2\/types\/page"}],"author":[{"embeddable":true,"href":"https:\/\/www.garciasabate.com\/en\/wp-json\/wp\/v2\/users\/1"}],"replies":[{"embeddable":true,"href":"https:\/\/www.garciasabate.com\/en\/wp-json\/wp\/v2\/comments?post=4108"}],"version-history":[{"count":0,"href":"https:\/\/www.garciasabate.com\/en\/wp-json\/wp\/v2\/pages\/4108\/revisions"}],"wp:attachment":[{"href":"https:\/\/www.garciasabate.com\/en\/wp-json\/wp\/v2\/media?parent=4108"}],"curies":[{"name":"wp","href":"https:\/\/api.w.org\/{rel}","templated":true}]}}