{"id":11649,"date":"2024-11-25T13:45:36","date_gmt":"2024-11-25T13:45:36","guid":{"rendered":"https:\/\/www.garciasabate.com\/?post_type=product&#038;p=11649"},"modified":"2024-11-25T13:48:30","modified_gmt":"2024-11-25T13:48:30","slug":"ms035","status":"publish","type":"product","link":"https:\/\/www.garciasabate.com\/en\/product\/ms035\/","title":{"rendered":"MS035"},"content":{"rendered":"","protected":false},"excerpt":{"rendered":"<div class=\"wpb_text_column wpb_content_element textoa\">\n<div class=\"wpb_wrapper\">\n<div class=\"wpb_text_column wpb_content_element textop\">\n<div class=\"wpb_wrapper\">\n<div class=\"wpb_text_column wpb_content_element textop\">\n<div class=\"wpb_wrapper\">\n<div class=\"page\" title=\"Page 27\">\n<div class=\"section\">\n<div class=\"layoutArea\">\n<div class=\"column\">\n<p><strong>Laundry wardrobes.<\/strong><\/p>\n<p>The MS035 wardrobe features a frame in Coco and Split, with two sets of Zero folding doors with Toke handles. Its finishes in Matte Stone and London Gray complement an interior in Textile and Split Oak, designed to store cleaning and home care products.<\/p>\n<p>A practical and elegant solution to keep everything organized.<\/p>\n<p>&nbsp;<\/p>\n<\/div>\n<\/div>\n<\/div>\n<\/div>\n<\/div>\n<\/div>\n<\/div>\n<\/div>\n<\/div>\n<\/div>\n<div class=\"wpcf7 no-js\" id=\"wpcf7-f1572-o1\" lang=\"en-US\" dir=\"ltr\">\n<div class=\"screen-reader-response\">\n<p role=\"status\" aria-live=\"polite\" aria-atomic=\"true\">\n<ul><\/ul>\n<\/div>\n<form action=\"\/en\/wp-json\/wp\/v2\/product\/11649#wpcf7-f1572-o1\" method=\"post\" class=\"wpcf7-form init\" aria-label=\"Contact form\" novalidate=\"novalidate\" data-status=\"init\" data-trp-original-action=\"\/en\/wp-json\/wp\/v2\/product\/11649#wpcf7-f1572-o1\">\n<div style=\"display: none;\">\n<input type=\"hidden\" name=\"_wpcf7\" value=\"1572\" \/><br \/>\n<input type=\"hidden\" name=\"_wpcf7_version\" value=\"5.9.8\" \/><br \/>\n<input type=\"hidden\" name=\"_wpcf7_locale\" value=\"en_US\" \/><br \/>\n<input type=\"hidden\" name=\"_wpcf7_unit_tag\" value=\"wpcf7-f1572-o1\" \/><br \/>\n<input type=\"hidden\" name=\"_wpcf7_container_post\" value=\"0\" \/><br \/>\n<input type=\"hidden\" name=\"_wpcf7_posted_data_hash\" value=\"\" \/><br \/>\n<input type=\"hidden\" name=\"_wpcf7_recaptcha_response\" value=\"\" \/>\n<\/div>\n<div style=\"display:none;\">\n<p><span class=\"wpcf7-form-control-wrap\" data-name=\"producto\"><input size=\"40\" maxlength=\"400\" class=\"wpcf7-form-control wpcf7-text\" id=\"id_producto\" aria-invalid=\"false\" value=\"\" type=\"text\" name=\"producto\" \/><\/span>\n\t<\/p>\n<\/div>\n<div class=\"row\">\n<p class=\"col-md-6\"><label>Name<\/label><span class=\"wpcf7-form-control-wrap\" data-name=\"your-name\"><input size=\"40\" maxlength=\"400\" class=\"wpcf7-form-control wpcf7-text wpcf7-validates-as-required\" aria-required=\"true\" aria-invalid=\"false\" value=\"\" type=\"text\" name=\"your-name\" \/><\/span>\n\t<\/p>\n<p class=\"col-md-6\"><label>Email<\/label><span class=\"wpcf7-form-control-wrap\" data-name=\"your-email\"><input size=\"40\" maxlength=\"400\" class=\"wpcf7-form-control wpcf7-email wpcf7-validates-as-required wpcf7-text wpcf7-validates-as-email\" aria-required=\"true\" aria-invalid=\"false\" value=\"\" type=\"email\" name=\"your-email\" \/><\/span>\n\t<\/p>\n<\/div>\n<div class=\"row\">\n<p class=\"col-md-6\"><label>Post Code<\/label><span class=\"wpcf7-form-control-wrap\" data-name=\"cp\"><input size=\"40\" maxlength=\"400\" class=\"wpcf7-form-control wpcf7-text\" aria-invalid=\"false\" value=\"\" type=\"text\" name=\"cp\" \/><\/span>\n\t<\/p>\n<p class=\"col-md-6\"><label>Country<\/label><span class=\"wpcf7-form-control-wrap\" data-name=\"pais\"><input size=\"40\" maxlength=\"400\" class=\"wpcf7-form-control wpcf7-text\" aria-invalid=\"false\" value=\"\" type=\"text\" name=\"pais\" \/><\/span>\n\t<\/p>\n<\/div>\n<div class=\"row\">\n<p class=\"col-md-6\"><label>Telephone<\/label><span class=\"wpcf7-form-control-wrap\" data-name=\"tel-55\"><input size=\"40\" maxlength=\"400\" class=\"wpcf7-form-control wpcf7-tel wpcf7-text wpcf7-validates-as-tel\" aria-invalid=\"false\" value=\"\" type=\"tel\" name=\"tel-55\" \/><\/span>\n\t<\/p>\n<\/div>\n<p><label>Your message<\/label><span class=\"wpcf7-form-control-wrap\" data-name=\"your-message\"><textarea cols=\"40\" rows=\"10\" maxlength=\"2000\" class=\"wpcf7-form-control wpcf7-textarea wpcf7-validates-as-required\" aria-required=\"true\" aria-invalid=\"false\" name=\"your-message\">Para poder ayudarte, por favor, proporciona el nombre, la referencia, o la URL de la composici\u00f3n que deseas consultar<\/textarea><\/span>\n<\/p>\n<p>\n<span><span class=\"wpcf7-form-control-wrap\" data-name=\"privacidad\"><span class=\"wpcf7-form-control wpcf7-acceptance\"><span class=\"wpcf7-list-item\"><input type=\"checkbox\" name=\"privacidad\" value=\"1\" aria-invalid=\"false\" \/><\/span><\/span><\/span> I've read and accept the <a target=\"_blank\" rel=\"nofollow noopener noreferrer\" href=\"\/en\/aviso-legal-y-politica-de-privacidad\/\">Privacy Policy<\/a>.<\/span>\n<\/p>\n<p><input class=\"wpcf7-form-control wpcf7-submit has-spinner btn-color-black\" type=\"submit\" value=\"Send\" \/>\n<\/p>\n<h6>BASIC DATA PROTECTION INFORMATION: Data Controller: MUEBLES GARC\u00cdA SABAT\u00c9, S.A. Purpose of Processing: Sending the newsletter. Legal Basis: Consent of the data subject. Data Retention: Data will be retained as long as there is a mutual interest or for the necessary time to comply with legal obligations. Recipients: Service providers or collaborators. Rights: Right to withdraw consent at any time. Right to access, rectify, transfer, and delete your data, as well as to limit or object to its processing. Contact for Rights Requests: correo@garciasabate.com. Additional Information: You can consult more details in our Privacy Policy.<br \/>\n<\/h6>\n<p><script>\ndocument.addEventListener( 'wpcf7mailsent', function( event ) {\n location = '\/gracias\/';\n}, false );\n<\/script><br \/>\n<script>\nvar idDelProducto = document.getElementsByName(\"_wpcf7_container_post\")[0].value;\nsetTimeout(function(){\ndocument.getElementById(\"id_producto\").value = idDelProducto;\n}, 2000);\n<\/script>\n<\/p>\n<div class=\"wpcf7-response-output\" aria-hidden=\"true\"><\/div>\n<input type=\"hidden\" name=\"trp-form-language\" value=\"en\"\/><\/form>\n<\/div>","protected":false},"featured_media":11650,"comment_status":"closed","ping_status":"closed","template":"","meta":[],"product_cat":[395,396,392],"product_tag":[],"class_list":["post-11649","product","type-product","status-publish","has-post-thumbnail","hentry","product_cat-coleccion-armarios","product_cat-armarios-lavanderia","product_cat-armarios-vestidores-lavanderia"],"yoast_head":"<!-- This site is optimized with the Yoast SEO plugin v23.4 - https:\/\/yoast.com\/wordpress\/plugins\/seo\/ -->\n<title>MS035 - Garcia Sabat\u00e9<\/title>\n<meta name=\"robots\" content=\"index, follow, max-snippet:-1, max-image-preview:large, max-video-preview:-1\" \/>\n<link rel=\"canonical\" href=\"https:\/\/www.garciasabate.com\/en\/product\/ms035\/\" \/>\n<meta property=\"og:locale\" content=\"en_GB\" \/>\n<meta property=\"og:type\" content=\"article\" \/>\n<meta property=\"og:title\" content=\"MS035 - Garcia Sabat\u00e9\" \/>\n<meta property=\"og:description\" content=\"Armarios lavander\u00eda.  El armario MS035 cuenta con un armaz\u00f3n en Coco y Split, y dos juegos de puertas plegables modelo Zero con tirador Toke. Sus acabados en Piedra Mate y Gris Londra complementan un interior en Textil y Roble Split, pensado para almacenar productos de limpieza y cuidado del hogar.  Una soluci\u00f3n pr\u00e1ctica y elegante para mantener todo organizado.  &nbsp;\" \/>\n<meta property=\"og:url\" content=\"https:\/\/www.garciasabate.com\/en\/product\/ms035\/\" \/>\n<meta property=\"og:site_name\" content=\"Garcia Sabat\u00e9\" \/>\n<meta property=\"article:modified_time\" content=\"2024-11-25T13:48:30+00:00\" \/>\n<meta property=\"og:image\" content=\"https:\/\/www.garciasabate.com\/wp-content\/uploads\/2024\/11\/MS035-1-scaled.jpg\" \/>\n\t<meta property=\"og:image:width\" content=\"2560\" \/>\n\t<meta property=\"og:image:height\" content=\"2276\" \/>\n\t<meta property=\"og:image:type\" content=\"image\/jpeg\" \/>\n<meta name=\"twitter:card\" content=\"summary_large_image\" \/>\n<meta name=\"twitter:label1\" content=\"Estimated reading time\" \/>\n\t<meta name=\"twitter:data1\" content=\"1 minute\" \/>\n<script type=\"application\/ld+json\" class=\"yoast-schema-graph\">{\"@context\":\"https:\/\/schema.org\",\"@graph\":[{\"@type\":\"WebPage\",\"@id\":\"https:\/\/www.garciasabate.com\/producto\/ms035\/\",\"url\":\"https:\/\/www.garciasabate.com\/producto\/ms035\/\",\"name\":\"MS035 - Garcia Sabat\u00e9\",\"isPartOf\":{\"@id\":\"https:\/\/www.garciasabate.com\/#website\"},\"primaryImageOfPage\":{\"@id\":\"https:\/\/www.garciasabate.com\/producto\/ms035\/#primaryimage\"},\"image\":{\"@id\":\"https:\/\/www.garciasabate.com\/producto\/ms035\/#primaryimage\"},\"thumbnailUrl\":\"https:\/\/www.garciasabate.com\/wp-content\/uploads\/2024\/11\/MS035-1-scaled.jpg\",\"datePublished\":\"2024-11-25T13:45:36+00:00\",\"dateModified\":\"2024-11-25T13:48:30+00:00\",\"breadcrumb\":{\"@id\":\"https:\/\/www.garciasabate.com\/producto\/ms035\/#breadcrumb\"},\"inLanguage\":\"en-GB\",\"potentialAction\":[{\"@type\":\"ReadAction\",\"target\":[\"https:\/\/www.garciasabate.com\/producto\/ms035\/\"]}]},{\"@type\":\"ImageObject\",\"inLanguage\":\"en-GB\",\"@id\":\"https:\/\/www.garciasabate.com\/producto\/ms035\/#primaryimage\",\"url\":\"https:\/\/www.garciasabate.com\/wp-content\/uploads\/2024\/11\/MS035-1-scaled.jpg\",\"contentUrl\":\"https:\/\/www.garciasabate.com\/wp-content\/uploads\/2024\/11\/MS035-1-scaled.jpg\",\"width\":2560,\"height\":2276},{\"@type\":\"BreadcrumbList\",\"@id\":\"https:\/\/www.garciasabate.com\/producto\/ms035\/#breadcrumb\",\"itemListElement\":[{\"@type\":\"ListItem\",\"position\":1,\"name\":\"Portada\",\"item\":\"https:\/\/www.garciasabate.com\/\"},{\"@type\":\"ListItem\",\"position\":2,\"name\":\"Tienda\",\"item\":\"https:\/\/www.garciasabate.com\/tienda\/\"},{\"@type\":\"ListItem\",\"position\":3,\"name\":\"MS035\"}]},{\"@type\":\"WebSite\",\"@id\":\"https:\/\/www.garciasabate.com\/#website\",\"url\":\"https:\/\/www.garciasabate.com\/\",\"name\":\"Garcia Sabat\u00e9\",\"description\":\"Muebles Modernos\",\"potentialAction\":[{\"@type\":\"SearchAction\",\"target\":{\"@type\":\"EntryPoint\",\"urlTemplate\":\"https:\/\/www.garciasabate.com\/?s={search_term_string}\"},\"query-input\":{\"@type\":\"PropertyValueSpecification\",\"valueRequired\":true,\"valueName\":\"search_term_string\"}}],\"inLanguage\":\"en-GB\"}]}<\/script>\n<!-- \/ Yoast SEO plugin. -->","yoast_head_json":{"title":"MS035 - Garcia Sabat\u00e9","robots":{"index":"index","follow":"follow","max-snippet":"max-snippet:-1","max-image-preview":"max-image-preview:large","max-video-preview":"max-video-preview:-1"},"canonical":"https:\/\/www.garciasabate.com\/en\/product\/ms035\/","og_locale":"en_GB","og_type":"article","og_title":"MS035 - Garcia Sabat\u00e9","og_description":"Armarios lavander\u00eda.  El armario MS035 cuenta con un armaz\u00f3n en Coco y Split, y dos juegos de puertas plegables modelo Zero con tirador Toke. Sus acabados en Piedra Mate y Gris Londra complementan un interior en Textil y Roble Split, pensado para almacenar productos de limpieza y cuidado del hogar.  Una soluci\u00f3n pr\u00e1ctica y elegante para mantener todo organizado.  &nbsp;","og_url":"https:\/\/www.garciasabate.com\/en\/product\/ms035\/","og_site_name":"Garcia Sabat\u00e9","article_modified_time":"2024-11-25T13:48:30+00:00","og_image":[{"width":2560,"height":2276,"url":"https:\/\/www.garciasabate.com\/wp-content\/uploads\/2024\/11\/MS035-1-scaled.jpg","type":"image\/jpeg"}],"twitter_card":"summary_large_image","twitter_misc":{"Estimated reading time":"1 minute"},"schema":{"@context":"https:\/\/schema.org","@graph":[{"@type":"WebPage","@id":"https:\/\/www.garciasabate.com\/producto\/ms035\/","url":"https:\/\/www.garciasabate.com\/producto\/ms035\/","name":"MS035 - Garcia Sabat\u00e9","isPartOf":{"@id":"https:\/\/www.garciasabate.com\/#website"},"primaryImageOfPage":{"@id":"https:\/\/www.garciasabate.com\/producto\/ms035\/#primaryimage"},"image":{"@id":"https:\/\/www.garciasabate.com\/producto\/ms035\/#primaryimage"},"thumbnailUrl":"https:\/\/www.garciasabate.com\/wp-content\/uploads\/2024\/11\/MS035-1-scaled.jpg","datePublished":"2024-11-25T13:45:36+00:00","dateModified":"2024-11-25T13:48:30+00:00","breadcrumb":{"@id":"https:\/\/www.garciasabate.com\/producto\/ms035\/#breadcrumb"},"inLanguage":"en-GB","potentialAction":[{"@type":"ReadAction","target":["https:\/\/www.garciasabate.com\/producto\/ms035\/"]}]},{"@type":"ImageObject","inLanguage":"en-GB","@id":"https:\/\/www.garciasabate.com\/producto\/ms035\/#primaryimage","url":"https:\/\/www.garciasabate.com\/wp-content\/uploads\/2024\/11\/MS035-1-scaled.jpg","contentUrl":"https:\/\/www.garciasabate.com\/wp-content\/uploads\/2024\/11\/MS035-1-scaled.jpg","width":2560,"height":2276},{"@type":"BreadcrumbList","@id":"https:\/\/www.garciasabate.com\/producto\/ms035\/#breadcrumb","itemListElement":[{"@type":"ListItem","position":1,"name":"Portada","item":"https:\/\/www.garciasabate.com\/"},{"@type":"ListItem","position":2,"name":"Tienda","item":"https:\/\/www.garciasabate.com\/tienda\/"},{"@type":"ListItem","position":3,"name":"MS035"}]},{"@type":"WebSite","@id":"https:\/\/www.garciasabate.com\/#website","url":"https:\/\/www.garciasabate.com\/","name":"Garcia Sabat\u00e9","description":"Muebles Modernos","potentialAction":[{"@type":"SearchAction","target":{"@type":"EntryPoint","urlTemplate":"https:\/\/www.garciasabate.com\/?s={search_term_string}"},"query-input":{"@type":"PropertyValueSpecification","valueRequired":true,"valueName":"search_term_string"}}],"inLanguage":"en-GB"}]}},"_links":{"self":[{"href":"https:\/\/www.garciasabate.com\/en\/wp-json\/wp\/v2\/product\/11649","targetHints":{"allow":["GET"]}}],"collection":[{"href":"https:\/\/www.garciasabate.com\/en\/wp-json\/wp\/v2\/product"}],"about":[{"href":"https:\/\/www.garciasabate.com\/en\/wp-json\/wp\/v2\/types\/product"}],"replies":[{"embeddable":true,"href":"https:\/\/www.garciasabate.com\/en\/wp-json\/wp\/v2\/comments?post=11649"}],"version-history":[{"count":1,"href":"https:\/\/www.garciasabate.com\/en\/wp-json\/wp\/v2\/product\/11649\/revisions"}],"predecessor-version":[{"id":11652,"href":"https:\/\/www.garciasabate.com\/en\/wp-json\/wp\/v2\/product\/11649\/revisions\/11652"}],"wp:featuredmedia":[{"embeddable":true,"href":"https:\/\/www.garciasabate.com\/en\/wp-json\/wp\/v2\/media\/11650"}],"wp:attachment":[{"href":"https:\/\/www.garciasabate.com\/en\/wp-json\/wp\/v2\/media?parent=11649"}],"wp:term":[{"taxonomy":"product_cat","embeddable":true,"href":"https:\/\/www.garciasabate.com\/en\/wp-json\/wp\/v2\/product_cat?post=11649"},{"taxonomy":"product_tag","embeddable":true,"href":"https:\/\/www.garciasabate.com\/en\/wp-json\/wp\/v2\/product_tag?post=11649"}],"curies":[{"name":"wp","href":"https:\/\/api.w.org\/{rel}","templated":true}]}}