{"id":11660,"date":"2024-11-25T15:25:32","date_gmt":"2024-11-25T15:25:32","guid":{"rendered":"https:\/\/www.garciasabate.com\/?post_type=product&#038;p=11660"},"modified":"2024-11-25T15:28:41","modified_gmt":"2024-11-25T15:28:41","slug":"ms003b","status":"publish","type":"product","link":"https:\/\/www.garciasabate.com\/en\/product\/ms003b\/","title":{"rendered":"MS003B"},"content":{"rendered":"","protected":false},"excerpt":{"rendered":"<div class=\"wpb_text_column wpb_content_element textoa\">\n<div class=\"wpb_wrapper\">\n<div class=\"wpb_text_column wpb_content_element textop\">\n<div class=\"wpb_wrapper\">\n<div class=\"wpb_text_column wpb_content_element textop\">\n<div class=\"wpb_wrapper\">\n<div class=\"page\" title=\"Page 27\">\n<div class=\"section\">\n<div class=\"layoutArea\">\n<div class=\"column\">\n<p><strong>MS003B<\/strong>.<\/p>\n<p>The MS003B wardrobe, with four Zero\/Vertex hinged doors, stands out with its elegant Matte Commodore Green finish. Designed with two 100 cm sections and standard dimensions of 200 cm in width and 240 cm in height, it allows for personalized adjustments up to 120 cm in width and 275 cm in height, adapting to your needs.<\/p>\n<p>The integrated handle with a rounded recess adds a practical and elegant touch to the design, ensuring both functionality and quality in every detail. A perfect option for creating unique spaces.<\/p>\n<p>&nbsp;<\/p>\n<\/div>\n<\/div>\n<\/div>\n<\/div>\n<\/div>\n<\/div>\n<\/div>\n<\/div>\n<\/div>\n<\/div>\n<div class=\"wpcf7 no-js\" id=\"wpcf7-f1572-o1\" lang=\"en-US\" dir=\"ltr\">\n<div class=\"screen-reader-response\">\n<p role=\"status\" aria-live=\"polite\" aria-atomic=\"true\">\n<ul><\/ul>\n<\/div>\n<form action=\"\/en\/wp-json\/wp\/v2\/product\/11660#wpcf7-f1572-o1\" method=\"post\" class=\"wpcf7-form init\" aria-label=\"Contact form\" novalidate=\"novalidate\" data-status=\"init\" data-trp-original-action=\"\/en\/wp-json\/wp\/v2\/product\/11660#wpcf7-f1572-o1\">\n<div style=\"display: none;\">\n<input type=\"hidden\" name=\"_wpcf7\" value=\"1572\" \/><br \/>\n<input type=\"hidden\" name=\"_wpcf7_version\" value=\"5.9.8\" \/><br \/>\n<input type=\"hidden\" name=\"_wpcf7_locale\" value=\"en_US\" \/><br \/>\n<input type=\"hidden\" name=\"_wpcf7_unit_tag\" value=\"wpcf7-f1572-o1\" \/><br \/>\n<input type=\"hidden\" name=\"_wpcf7_container_post\" value=\"0\" \/><br \/>\n<input type=\"hidden\" name=\"_wpcf7_posted_data_hash\" value=\"\" \/><br \/>\n<input type=\"hidden\" name=\"_wpcf7_recaptcha_response\" value=\"\" \/>\n<\/div>\n<div style=\"display:none;\">\n<p><span class=\"wpcf7-form-control-wrap\" data-name=\"producto\"><input size=\"40\" maxlength=\"400\" class=\"wpcf7-form-control wpcf7-text\" id=\"id_producto\" aria-invalid=\"false\" value=\"\" type=\"text\" name=\"producto\" \/><\/span>\n\t<\/p>\n<\/div>\n<div class=\"row\">\n<p class=\"col-md-6\"><label>Name<\/label><span class=\"wpcf7-form-control-wrap\" data-name=\"your-name\"><input size=\"40\" maxlength=\"400\" class=\"wpcf7-form-control wpcf7-text wpcf7-validates-as-required\" aria-required=\"true\" aria-invalid=\"false\" value=\"\" type=\"text\" name=\"your-name\" \/><\/span>\n\t<\/p>\n<p class=\"col-md-6\"><label>Email<\/label><span class=\"wpcf7-form-control-wrap\" data-name=\"your-email\"><input size=\"40\" maxlength=\"400\" class=\"wpcf7-form-control wpcf7-email wpcf7-validates-as-required wpcf7-text wpcf7-validates-as-email\" aria-required=\"true\" aria-invalid=\"false\" value=\"\" type=\"email\" name=\"your-email\" \/><\/span>\n\t<\/p>\n<\/div>\n<div class=\"row\">\n<p class=\"col-md-6\"><label>Post Code<\/label><span class=\"wpcf7-form-control-wrap\" data-name=\"cp\"><input size=\"40\" maxlength=\"400\" class=\"wpcf7-form-control wpcf7-text\" aria-invalid=\"false\" value=\"\" type=\"text\" name=\"cp\" \/><\/span>\n\t<\/p>\n<p class=\"col-md-6\"><label>Country<\/label><span class=\"wpcf7-form-control-wrap\" data-name=\"pais\"><input size=\"40\" maxlength=\"400\" class=\"wpcf7-form-control wpcf7-text\" aria-invalid=\"false\" value=\"\" type=\"text\" name=\"pais\" \/><\/span>\n\t<\/p>\n<\/div>\n<div class=\"row\">\n<p class=\"col-md-6\"><label>Telephone<\/label><span class=\"wpcf7-form-control-wrap\" data-name=\"tel-55\"><input size=\"40\" maxlength=\"400\" class=\"wpcf7-form-control wpcf7-tel wpcf7-text wpcf7-validates-as-tel\" aria-invalid=\"false\" value=\"\" type=\"tel\" name=\"tel-55\" \/><\/span>\n\t<\/p>\n<\/div>\n<p><label>Your message<\/label><span class=\"wpcf7-form-control-wrap\" data-name=\"your-message\"><textarea cols=\"40\" rows=\"10\" maxlength=\"2000\" class=\"wpcf7-form-control wpcf7-textarea wpcf7-validates-as-required\" aria-required=\"true\" aria-invalid=\"false\" name=\"your-message\">Para poder ayudarte, por favor, proporciona el nombre, la referencia, o la URL de la composici\u00f3n que deseas consultar<\/textarea><\/span>\n<\/p>\n<p>\n<span><span class=\"wpcf7-form-control-wrap\" data-name=\"privacidad\"><span class=\"wpcf7-form-control wpcf7-acceptance\"><span class=\"wpcf7-list-item\"><input type=\"checkbox\" name=\"privacidad\" value=\"1\" aria-invalid=\"false\" \/><\/span><\/span><\/span> I've read and accept the <a target=\"_blank\" rel=\"nofollow noopener noreferrer\" href=\"\/en\/aviso-legal-y-politica-de-privacidad\/\">Privacy Policy<\/a>.<\/span>\n<\/p>\n<p><input class=\"wpcf7-form-control wpcf7-submit has-spinner btn-color-black\" type=\"submit\" value=\"Send\" \/>\n<\/p>\n<h6>BASIC DATA PROTECTION INFORMATION: Data Controller: MUEBLES GARC\u00cdA SABAT\u00c9, S.A. Purpose of Processing: Sending the newsletter. Legal Basis: Consent of the data subject. Data Retention: Data will be retained as long as there is a mutual interest or for the necessary time to comply with legal obligations. Recipients: Service providers or collaborators. Rights: Right to withdraw consent at any time. Right to access, rectify, transfer, and delete your data, as well as to limit or object to its processing. Contact for Rights Requests: correo@garciasabate.com. Additional Information: You can consult more details in our Privacy Policy.<br \/>\n<\/h6>\n<p><script>\ndocument.addEventListener( 'wpcf7mailsent', function( event ) {\n location = '\/gracias\/';\n}, false );\n<\/script><br \/>\n<script>\nvar idDelProducto = document.getElementsByName(\"_wpcf7_container_post\")[0].value;\nsetTimeout(function(){\ndocument.getElementById(\"id_producto\").value = idDelProducto;\n}, 2000);\n<\/script>\n<\/p>\n<div class=\"wpcf7-response-output\" aria-hidden=\"true\"><\/div>\n<input type=\"hidden\" name=\"trp-form-language\" value=\"en\"\/><\/form>\n<\/div>","protected":false},"featured_media":11662,"comment_status":"closed","ping_status":"closed","template":"","meta":[],"product_cat":[395,365],"product_tag":[],"class_list":["post-11660","product","type-product","status-publish","has-post-thumbnail","hentry","product_cat-coleccion-armarios","product_cat-armarios-puertas-batientes"],"yoast_head":"<!-- This site is optimized with the Yoast SEO plugin v23.4 - https:\/\/yoast.com\/wordpress\/plugins\/seo\/ -->\n<title>MS003B - Garcia Sabat\u00e9<\/title>\n<meta name=\"robots\" content=\"index, follow, max-snippet:-1, max-image-preview:large, max-video-preview:-1\" \/>\n<link rel=\"canonical\" href=\"https:\/\/www.garciasabate.com\/en\/product\/ms003b\/\" \/>\n<meta property=\"og:locale\" content=\"en_GB\" \/>\n<meta property=\"og:type\" content=\"article\" \/>\n<meta property=\"og:title\" content=\"MS003B - Garcia Sabat\u00e9\" \/>\n<meta property=\"og:description\" content=\"MS003B.  El\u00a0armario MS003B, con cuatro puertas batientes modelo Zero\/Vertex, destaca por su elegante acabado en Verde Comodoro Mate. Dise\u00f1ado con dos cuerpos de 100 cm y medidas est\u00e1ndar de 200 cm de ancho por 240 cm de alto, permite ajustes personalizados de hasta 120 cm de ancho y 275 cm de alto, adapt\u00e1ndose a tus necesidades.  El tirador integrado con un rebaje redondeado a\u00f1ade un toque pr\u00e1ctico y elegante al dise\u00f1o, asegurando funcionalidad y calidad en cada detalle. Una opci\u00f3n perfecta para crear espacios \u00fanicos.  &nbsp;\" \/>\n<meta property=\"og:url\" content=\"https:\/\/www.garciasabate.com\/en\/product\/ms003b\/\" \/>\n<meta property=\"og:site_name\" content=\"Garcia Sabat\u00e9\" \/>\n<meta property=\"article:modified_time\" content=\"2024-11-25T15:28:41+00:00\" \/>\n<meta property=\"og:image\" content=\"https:\/\/www.garciasabate.com\/wp-content\/uploads\/2024\/11\/MS003-VERDE-COMODOR0-6-PUERTAS-scaled.jpg\" \/>\n\t<meta property=\"og:image:width\" content=\"2560\" \/>\n\t<meta property=\"og:image:height\" content=\"2276\" \/>\n\t<meta property=\"og:image:type\" content=\"image\/jpeg\" \/>\n<meta name=\"twitter:card\" content=\"summary_large_image\" \/>\n<meta name=\"twitter:label1\" content=\"Estimated reading time\" \/>\n\t<meta name=\"twitter:data1\" content=\"1 minute\" \/>\n<script type=\"application\/ld+json\" class=\"yoast-schema-graph\">{\"@context\":\"https:\/\/schema.org\",\"@graph\":[{\"@type\":\"WebPage\",\"@id\":\"https:\/\/www.garciasabate.com\/producto\/ms003b\/\",\"url\":\"https:\/\/www.garciasabate.com\/producto\/ms003b\/\",\"name\":\"MS003B - Garcia Sabat\u00e9\",\"isPartOf\":{\"@id\":\"https:\/\/www.garciasabate.com\/#website\"},\"primaryImageOfPage\":{\"@id\":\"https:\/\/www.garciasabate.com\/producto\/ms003b\/#primaryimage\"},\"image\":{\"@id\":\"https:\/\/www.garciasabate.com\/producto\/ms003b\/#primaryimage\"},\"thumbnailUrl\":\"https:\/\/www.garciasabate.com\/wp-content\/uploads\/2024\/11\/MS003-VERDE-COMODOR0-6-PUERTAS-scaled.jpg\",\"datePublished\":\"2024-11-25T15:25:32+00:00\",\"dateModified\":\"2024-11-25T15:28:41+00:00\",\"breadcrumb\":{\"@id\":\"https:\/\/www.garciasabate.com\/producto\/ms003b\/#breadcrumb\"},\"inLanguage\":\"en-GB\",\"potentialAction\":[{\"@type\":\"ReadAction\",\"target\":[\"https:\/\/www.garciasabate.com\/producto\/ms003b\/\"]}]},{\"@type\":\"ImageObject\",\"inLanguage\":\"en-GB\",\"@id\":\"https:\/\/www.garciasabate.com\/producto\/ms003b\/#primaryimage\",\"url\":\"https:\/\/www.garciasabate.com\/wp-content\/uploads\/2024\/11\/MS003-VERDE-COMODOR0-6-PUERTAS-scaled.jpg\",\"contentUrl\":\"https:\/\/www.garciasabate.com\/wp-content\/uploads\/2024\/11\/MS003-VERDE-COMODOR0-6-PUERTAS-scaled.jpg\",\"width\":2560,\"height\":2276},{\"@type\":\"BreadcrumbList\",\"@id\":\"https:\/\/www.garciasabate.com\/producto\/ms003b\/#breadcrumb\",\"itemListElement\":[{\"@type\":\"ListItem\",\"position\":1,\"name\":\"Portada\",\"item\":\"https:\/\/www.garciasabate.com\/\"},{\"@type\":\"ListItem\",\"position\":2,\"name\":\"Tienda\",\"item\":\"https:\/\/www.garciasabate.com\/tienda\/\"},{\"@type\":\"ListItem\",\"position\":3,\"name\":\"MS003B\"}]},{\"@type\":\"WebSite\",\"@id\":\"https:\/\/www.garciasabate.com\/#website\",\"url\":\"https:\/\/www.garciasabate.com\/\",\"name\":\"Garcia Sabat\u00e9\",\"description\":\"Muebles Modernos\",\"potentialAction\":[{\"@type\":\"SearchAction\",\"target\":{\"@type\":\"EntryPoint\",\"urlTemplate\":\"https:\/\/www.garciasabate.com\/?s={search_term_string}\"},\"query-input\":{\"@type\":\"PropertyValueSpecification\",\"valueRequired\":true,\"valueName\":\"search_term_string\"}}],\"inLanguage\":\"en-GB\"}]}<\/script>\n<!-- \/ Yoast SEO plugin. -->","yoast_head_json":{"title":"MS003B - Garcia Sabat\u00e9","robots":{"index":"index","follow":"follow","max-snippet":"max-snippet:-1","max-image-preview":"max-image-preview:large","max-video-preview":"max-video-preview:-1"},"canonical":"https:\/\/www.garciasabate.com\/en\/product\/ms003b\/","og_locale":"en_GB","og_type":"article","og_title":"MS003B - Garcia Sabat\u00e9","og_description":"MS003B.  El\u00a0armario MS003B, con cuatro puertas batientes modelo Zero\/Vertex, destaca por su elegante acabado en Verde Comodoro Mate. Dise\u00f1ado con dos cuerpos de 100 cm y medidas est\u00e1ndar de 200 cm de ancho por 240 cm de alto, permite ajustes personalizados de hasta 120 cm de ancho y 275 cm de alto, adapt\u00e1ndose a tus necesidades.  El tirador integrado con un rebaje redondeado a\u00f1ade un toque pr\u00e1ctico y elegante al dise\u00f1o, asegurando funcionalidad y calidad en cada detalle. Una opci\u00f3n perfecta para crear espacios \u00fanicos.  &nbsp;","og_url":"https:\/\/www.garciasabate.com\/en\/product\/ms003b\/","og_site_name":"Garcia Sabat\u00e9","article_modified_time":"2024-11-25T15:28:41+00:00","og_image":[{"width":2560,"height":2276,"url":"https:\/\/www.garciasabate.com\/wp-content\/uploads\/2024\/11\/MS003-VERDE-COMODOR0-6-PUERTAS-scaled.jpg","type":"image\/jpeg"}],"twitter_card":"summary_large_image","twitter_misc":{"Estimated reading time":"1 minute"},"schema":{"@context":"https:\/\/schema.org","@graph":[{"@type":"WebPage","@id":"https:\/\/www.garciasabate.com\/producto\/ms003b\/","url":"https:\/\/www.garciasabate.com\/producto\/ms003b\/","name":"MS003B - Garcia Sabat\u00e9","isPartOf":{"@id":"https:\/\/www.garciasabate.com\/#website"},"primaryImageOfPage":{"@id":"https:\/\/www.garciasabate.com\/producto\/ms003b\/#primaryimage"},"image":{"@id":"https:\/\/www.garciasabate.com\/producto\/ms003b\/#primaryimage"},"thumbnailUrl":"https:\/\/www.garciasabate.com\/wp-content\/uploads\/2024\/11\/MS003-VERDE-COMODOR0-6-PUERTAS-scaled.jpg","datePublished":"2024-11-25T15:25:32+00:00","dateModified":"2024-11-25T15:28:41+00:00","breadcrumb":{"@id":"https:\/\/www.garciasabate.com\/producto\/ms003b\/#breadcrumb"},"inLanguage":"en-GB","potentialAction":[{"@type":"ReadAction","target":["https:\/\/www.garciasabate.com\/producto\/ms003b\/"]}]},{"@type":"ImageObject","inLanguage":"en-GB","@id":"https:\/\/www.garciasabate.com\/producto\/ms003b\/#primaryimage","url":"https:\/\/www.garciasabate.com\/wp-content\/uploads\/2024\/11\/MS003-VERDE-COMODOR0-6-PUERTAS-scaled.jpg","contentUrl":"https:\/\/www.garciasabate.com\/wp-content\/uploads\/2024\/11\/MS003-VERDE-COMODOR0-6-PUERTAS-scaled.jpg","width":2560,"height":2276},{"@type":"BreadcrumbList","@id":"https:\/\/www.garciasabate.com\/producto\/ms003b\/#breadcrumb","itemListElement":[{"@type":"ListItem","position":1,"name":"Portada","item":"https:\/\/www.garciasabate.com\/"},{"@type":"ListItem","position":2,"name":"Tienda","item":"https:\/\/www.garciasabate.com\/tienda\/"},{"@type":"ListItem","position":3,"name":"MS003B"}]},{"@type":"WebSite","@id":"https:\/\/www.garciasabate.com\/#website","url":"https:\/\/www.garciasabate.com\/","name":"Garcia Sabat\u00e9","description":"Muebles Modernos","potentialAction":[{"@type":"SearchAction","target":{"@type":"EntryPoint","urlTemplate":"https:\/\/www.garciasabate.com\/?s={search_term_string}"},"query-input":{"@type":"PropertyValueSpecification","valueRequired":true,"valueName":"search_term_string"}}],"inLanguage":"en-GB"}]}},"_links":{"self":[{"href":"https:\/\/www.garciasabate.com\/en\/wp-json\/wp\/v2\/product\/11660","targetHints":{"allow":["GET"]}}],"collection":[{"href":"https:\/\/www.garciasabate.com\/en\/wp-json\/wp\/v2\/product"}],"about":[{"href":"https:\/\/www.garciasabate.com\/en\/wp-json\/wp\/v2\/types\/product"}],"replies":[{"embeddable":true,"href":"https:\/\/www.garciasabate.com\/en\/wp-json\/wp\/v2\/comments?post=11660"}],"version-history":[{"count":1,"href":"https:\/\/www.garciasabate.com\/en\/wp-json\/wp\/v2\/product\/11660\/revisions"}],"predecessor-version":[{"id":11664,"href":"https:\/\/www.garciasabate.com\/en\/wp-json\/wp\/v2\/product\/11660\/revisions\/11664"}],"wp:featuredmedia":[{"embeddable":true,"href":"https:\/\/www.garciasabate.com\/en\/wp-json\/wp\/v2\/media\/11662"}],"wp:attachment":[{"href":"https:\/\/www.garciasabate.com\/en\/wp-json\/wp\/v2\/media?parent=11660"}],"wp:term":[{"taxonomy":"product_cat","embeddable":true,"href":"https:\/\/www.garciasabate.com\/en\/wp-json\/wp\/v2\/product_cat?post=11660"},{"taxonomy":"product_tag","embeddable":true,"href":"https:\/\/www.garciasabate.com\/en\/wp-json\/wp\/v2\/product_tag?post=11660"}],"curies":[{"name":"wp","href":"https:\/\/api.w.org\/{rel}","templated":true}]}}